{"id":14002,"date":"2023-01-14T14:47:03","date_gmt":"2023-01-14T13:47:03","guid":{"rendered":"https:\/\/www.fundraising.sk\/?page_id=14002"},"modified":"2023-01-15T23:25:24","modified_gmt":"2023-01-15T22:25:24","slug":"fundraising-for-beginners","status":"publish","type":"page","link":"https:\/\/www.fundraising.sk\/en\/training\/fundraising-for-beginners\/","title":{"rendered":"Fundraising For Beginners"},"content":{"rendered":"<div id=\"pl-14002\"  class=\"panel-layout\" ><div id=\"pg-14002-0\"  class=\"panel-grid panel-has-style\" ><div style=\"padding-top: 30px; \" class=\"panel-row-style panel-row-style-for-14002-0\" ><div id=\"pgc-14002-0-0\"  class=\"panel-grid-cell panel-grid-cell-empty\" ><\/div><div id=\"pgc-14002-0-1\"  class=\"panel-grid-cell panel-grid-cell-mobile-last\" ><div id=\"panel-14002-0-1-0\" class=\"so-panel widget widget_sow-editor panel-first-child panel-last-child\" data-index=\"0\" ><div\n\t\t\t\n\t\t\tclass=\"so-widget-sow-editor so-widget-sow-editor-base\"\n\t\t\t\n\t\t>\n<div class=\"siteorigin-widget-tinymce textwidget\">\n\t<\/div>\n<\/div><\/div><\/div><div id=\"pgc-14002-0-2\"  class=\"panel-grid-cell panel-grid-cell-empty\" ><\/div><\/div><\/div><div id=\"pg-14002-1\"  class=\"panel-grid panel-no-style\" ><div id=\"pgc-14002-1-0\"  class=\"panel-grid-cell panel-grid-cell-empty\" ><\/div><div id=\"pgc-14002-1-1\"  class=\"panel-grid-cell panel-grid-cell-mobile-last\" ><div id=\"panel-14002-1-1-0\" class=\"so-panel widget widget_sow-editor panel-first-child panel-last-child\" data-index=\"1\" ><div class=\"panel-widget-style panel-widget-style-for-14002-1-1-0\" ><div\n\t\t\t\n\t\t\tclass=\"so-widget-sow-editor so-widget-sow-editor-base\"\n\t\t\t\n\t\t>\n<div class=\"siteorigin-widget-tinymce textwidget\">\n\t<h4 style=\"text-align: center;\">Educational course on the basics of raising funds, especially from individual donors.<\/h4>\n<\/div>\n<\/div><\/div><\/div><\/div><div id=\"pgc-14002-1-2\"  class=\"panel-grid-cell panel-grid-cell-empty\" ><\/div><\/div><div id=\"pg-14002-2\"  class=\"panel-grid panel-has-style\" ><div style=\"padding-top: 30px; \" class=\"panel-row-style panel-row-style-for-14002-2\" ><div id=\"pgc-14002-2-0\"  class=\"panel-grid-cell panel-grid-cell-empty\" ><\/div><div id=\"pgc-14002-2-1\"  class=\"panel-grid-cell panel-grid-cell-mobile-last\" ><div id=\"panel-14002-2-1-0\" class=\"so-panel widget widget_sow-button panel-first-child\" data-index=\"2\" ><div\n\t\t\t\n\t\t\tclass=\"so-widget-sow-button so-widget-sow-button-wire-d65d16c4e351-14002\"\n\t\t\t\n\t\t><div class=\"ow-button-base ow-button-align-center\">\n\t\t\t<a\n\t\t\t\t\thref=\"https:\/\/www.fundraising.sk\/vzdelavanie\/fundraising-pre-zaciatocnikov\/registracia-na-kurz\/\"\n\t\t\t\t\tclass=\"sowb-button ow-icon-placement-left ow-button-hover\" \t>\n\t\t<span>\n\t\t\t\n\t\t\tREGISTRATION\t\t<\/span>\n\t\t\t<\/a>\n\t<\/div>\n<\/div><\/div><div id=\"panel-14002-2-1-1\" class=\"so-panel widget widget_sow-editor panel-last-child\" data-index=\"3\" ><div class=\"panel-widget-style panel-widget-style-for-14002-2-1-1\" ><div\n\t\t\t\n\t\t\tclass=\"so-widget-sow-editor so-widget-sow-editor-base\"\n\t\t\t\n\t\t>\n<div class=\"siteorigin-widget-tinymce textwidget\">\n\t<h4 style=\"text-align: left;\"><span style=\"color: #000000;\"><strong>Characteristics<\/strong><\/span><\/h4>\n<p style=\"margin: 0cm; margin-bottom: .0001pt; line-height: 18.0pt; background: white; vertical-align: baseline;\"><span lang=\"EN-GB\" style=\"color: black;\">The course focuses on developing work with individual donors, and marginally touches on raising funds through grant fundraising.\u00a0<\/span><\/p>\n<p style=\"margin: 0cm; margin-bottom: .0001pt; line-height: 18.0pt; background: white; vertical-align: baseline;\"><span lang=\"EN-GB\" style=\"color: black;\">Through presentations, discussions, and group work, as well as videos and other practical demonstrations, course participants will be given information about what is needed for effective fundraising, building relationships and working with donors and partners, developing fundraising within an organisation, communication, and brand-building, as well as on the use and evaluation of various methods of raising funds. <\/span><\/p>\n<p style=\"margin: 0cm; margin-bottom: .0001pt; line-height: 18.0pt; background: white; vertical-align: baseline;\"><span lang=\"EN-GB\" style=\"color: black;\">Specific examples, both domestic and from abroad, illustrating the latest trends will serve as inspirational guides to improving fundraising in their own organisations. The course utilises its lecturers\u2019 lengthy experience and know-how in the fields of financing and fundraising for NGOs.<\/span><\/p>\n<\/div>\n<\/div><\/div><\/div><\/div><div id=\"pgc-14002-2-2\"  class=\"panel-grid-cell panel-grid-cell-empty\" ><\/div><\/div><\/div><div id=\"pg-14002-3\"  class=\"panel-grid panel-no-style\" ><div id=\"pgc-14002-3-0\"  class=\"panel-grid-cell panel-grid-cell-empty\" ><\/div><div id=\"pgc-14002-3-1\"  class=\"panel-grid-cell panel-grid-cell-mobile-last\" ><div id=\"panel-14002-3-1-0\" class=\"so-panel widget widget_sow-editor panel-first-child panel-last-child\" data-index=\"4\" ><div class=\"panel-widget-style panel-widget-style-for-14002-3-1-0\" ><div\n\t\t\t\n\t\t\tclass=\"so-widget-sow-editor so-widget-sow-editor-base\"\n\t\t\t\n\t\t>\n<div class=\"siteorigin-widget-tinymce textwidget\">\n\t<h4 style=\"text-align: left;\"><span style=\"color: #000000;\"><strong>Target group<\/strong><\/span><\/h4>\n<p>The course is for anyone who:<\/p>\n<ul>\n<li>Is interested in getting a basic overview of the information needed to effectively raise funds,<\/li>\n<li>Needs to orientate themselves in the dynamically developing field of working with donors and partners, which affects every organisation,<\/li>\n<li>Needs to strengthen their strategic approach to financing and professionalise fundraising for their activities.<\/li>\n<\/ul>\n<\/div>\n<\/div><\/div><\/div><\/div><div id=\"pgc-14002-3-2\"  class=\"panel-grid-cell panel-grid-cell-empty\" ><\/div><\/div><div id=\"pg-14002-4\"  class=\"panel-grid panel-no-style\" ><div id=\"pgc-14002-4-0\"  class=\"panel-grid-cell panel-grid-cell-empty\" ><\/div><div id=\"pgc-14002-4-1\"  class=\"panel-grid-cell panel-grid-cell-mobile-last\" ><div id=\"panel-14002-4-1-0\" class=\"so-panel widget widget_sow-editor panel-first-child panel-last-child\" data-index=\"5\" ><div class=\"panel-widget-style panel-widget-style-for-14002-4-1-0\" ><div\n\t\t\t\n\t\t\tclass=\"so-widget-sow-editor so-widget-sow-editor-base\"\n\t\t\t\n\t\t>\n<div class=\"siteorigin-widget-tinymce textwidget\">\n\t<h4 style=\"text-align: left;\"><span style=\"color: #000000;\"><strong>Course topics<\/strong><\/span><\/h4>\n<ul>\n<li><strong><span style=\"color: #da1f3d;\">The fundraising environment in Slovakia<\/span><\/strong>\u2013 the cultural-social environment, changes, trends, challenges.<\/li>\n<li><strong><span style=\"color: #da1f3d;\">Organizational prerequisites for developing fundraising in non-profit organisations <\/span><\/strong>\u2013 vision, identity, budget, and organisational structure.<\/li>\n<li><strong><span style=\"color: #da1f3d;\">Strategic planning of fundraising<\/span><\/strong>\u2013 sources of finance, fundraising cycle, strategic planning steps.<\/li>\n<li><strong><span style=\"color: #da1f3d;\">Building and developing relationships with donors<\/span><\/strong>\u2013 motives for giving, fundraising pyramid, segmentation, acquiring and cultivating donors, and support service.<\/li>\n<li><strong><span style=\"color: #da1f3d;\">Communication in fundraising<\/span><\/strong>\u2013 the communication-brand-fundraising relationship, communication channels.<\/li>\n<li><strong><span style=\"color: #da1f3d;\">Fundraiser skills<\/span><\/strong>\u2013 self-management, communication, and social skills.<\/li>\n<li><strong><span style=\"color: #da1f3d;\">Fundraising tools<\/span><\/strong>\u2013 individual and corporate donorship, tax assignment, public collections, direct mail, direct dialogue, online and digital fundraising, events, telemarketing, major donors and wills, and self-financing.<\/li>\n<li><strong><span style=\"color: #da1f3d;\">Fundraising support tools<\/span><\/strong>\u2013 databases, surveys, evaluation techniques.<\/li>\n<li><strong><span style=\"color: #da1f3d;\">Fundraising effectivity<\/span><\/strong>\u2013 investment in fundraising and its returns.<\/li>\n<li><strong><span style=\"color: #da1f3d;\">Transparency and ethics in fundraising<\/span><\/strong>\u2013 transparency in raising funds and ethics in working with donors.<\/li>\n<li><strong><span style=\"color: #da1f3d;\">Legal aspects and regulation<\/span><\/strong>\u00a0\u2013 data protection, legal regulations on collections and NGOs.<\/li>\n<\/ul>\n<\/div>\n<\/div><\/div><\/div><\/div><div id=\"pgc-14002-4-2\"  class=\"panel-grid-cell panel-grid-cell-empty\" ><\/div><\/div><div id=\"pg-14002-5\"  class=\"panel-grid panel-no-style\" ><div id=\"pgc-14002-5-0\"  class=\"panel-grid-cell panel-grid-cell-empty\" ><\/div><div id=\"pgc-14002-5-1\"  class=\"panel-grid-cell panel-grid-cell-mobile-last\" ><div id=\"panel-14002-5-1-0\" class=\"so-panel widget widget_sow-editor panel-first-child panel-last-child\" data-index=\"6\" ><div class=\"panel-widget-style panel-widget-style-for-14002-5-1-0\" ><div\n\t\t\t\n\t\t\tclass=\"so-widget-sow-editor so-widget-sow-editor-base\"\n\t\t\t\n\t\t>\n<div class=\"siteorigin-widget-tinymce textwidget\">\n\t<h4><strong>Takeaways For Participants<\/strong><\/h4>\n<ul>\n<li>New information and inspiration for the development of your fundraising,<\/li>\n<li>Presentations from the educational course, or presentations from the CEE Fundraising Conference (for an additional fee),<\/li>\n<li>Expert domestic and foreign material\/texts on the issues raised in the course, specific examples, recommendations for other books and internet sources.<\/li>\n<\/ul>\n<\/div>\n<\/div><\/div><\/div><\/div><div id=\"pgc-14002-5-2\"  class=\"panel-grid-cell panel-grid-cell-empty\" ><\/div><\/div><div id=\"pg-14002-6\"  class=\"panel-grid panel-no-style\" ><div id=\"pgc-14002-6-0\"  class=\"panel-grid-cell panel-grid-cell-empty\" ><\/div><div id=\"pgc-14002-6-1\"  class=\"panel-grid-cell panel-grid-cell-mobile-last\" ><div id=\"panel-14002-6-1-0\" class=\"so-panel widget widget_sow-editor panel-first-child panel-last-child\" data-index=\"7\" ><div class=\"lektori panel-widget-style panel-widget-style-for-14002-6-1-0\" ><div\n\t\t\t\n\t\t\tclass=\"so-widget-sow-editor so-widget-sow-editor-base\"\n\t\t\t\n\t\t>\n<div class=\"siteorigin-widget-tinymce textwidget\">\n\t<h4><strong><span style=\"color: #000000;\">Lecturers<\/span><\/strong><\/h4>\n<\/div>\n<\/div><\/div><\/div><\/div><div id=\"pgc-14002-6-2\"  class=\"panel-grid-cell panel-grid-cell-empty\" ><\/div><\/div><div id=\"pg-14002-7\"  class=\"panel-grid panel-no-style\" ><div id=\"pgc-14002-7-0\"  class=\"panel-grid-cell panel-grid-cell-empty\" ><\/div><div id=\"pgc-14002-7-1\"  class=\"panel-grid-cell\" ><div id=\"panel-14002-7-1-0\" class=\"so-panel widget widget_sow-image panel-first-child\" data-index=\"8\" ><div class=\"wow zoomIn panel-widget-style panel-widget-style-for-14002-7-1-0\" data-wow-offset=\"10\" data-wow-iteration=\"1\" ><div\n\t\t\t\n\t\t\tclass=\"so-widget-sow-image so-widget-sow-image-default-8b5b6f678277-14002\"\n\t\t\t\n\t\t>\n\n<div class=\"sow-image-container\">\n\t\t<img src=\"https:\/\/www.fundraising.sk\/wp-content\/uploads\/2017\/12\/foto_eduard_600_500_bw_circle-300x300.png\" width=\"300\" height=\"300\" srcset=\"https:\/\/www.fundraising.sk\/wp-content\/uploads\/2017\/12\/foto_eduard_600_500_bw_circle-300x300.png 300w, https:\/\/www.fundraising.sk\/wp-content\/uploads\/2017\/12\/foto_eduard_600_500_bw_circle-150x150.png 150w, https:\/\/www.fundraising.sk\/wp-content\/uploads\/2017\/12\/foto_eduard_600_500_bw_circle-768x769.png 768w, https:\/\/www.fundraising.sk\/wp-content\/uploads\/2017\/12\/foto_eduard_600_500_bw_circle-1024x1024.png 1024w, https:\/\/www.fundraising.sk\/wp-content\/uploads\/2017\/12\/foto_eduard_600_500_bw_circle-60x60.png 60w, https:\/\/www.fundraising.sk\/wp-content\/uploads\/2017\/12\/foto_eduard_600_500_bw_circle-700x700.png 700w, https:\/\/www.fundraising.sk\/wp-content\/uploads\/2017\/12\/foto_eduard_600_500_bw_circle-1000x1000.png 1000w, https:\/\/www.fundraising.sk\/wp-content\/uploads\/2017\/12\/foto_eduard_600_500_bw_circle.png 1208w\" sizes=\"(max-width: 300px) 100vw, 300px\" alt=\"\" loading=\"lazy\" \t\tclass=\"so-widget-image\"\/>\n\t<\/div>\n\n<\/div><\/div><\/div><div id=\"panel-14002-7-1-1\" class=\"so-panel widget widget_sow-editor\" data-index=\"9\" ><div class=\"panel-widget-style panel-widget-style-for-14002-7-1-1\" ><div\n\t\t\t\n\t\t\tclass=\"so-widget-sow-editor so-widget-sow-editor-base\"\n\t\t\t\n\t\t>\n<div class=\"siteorigin-widget-tinymce textwidget\">\n\t<h5><span style=\"color: #da1f3d;\">Ing. Eduard Mar\u010dek, MA, PhD.<\/span><\/h5>\n<p>Chair<\/p>\n<p>Eduard has been working in the non-profit sector since 1997, and has rich experience from many consulting and training projects at home and abroad (e.g. strengthening fundraising capacities of non-governmental development organizations in four countries of Central Europe in collaboration with the UK\u2019s Resource Alliance). As a Consultant, he deals with NGO fundraising and financing and cross-sector collaboration. He provided consulting services to a number of domestic and international non-governmental organizations and worked on various analytical studies across Europe. Since February 2018 Eduard works as a Head of Individual Fundraising for Transparency International Slovakia. Eduard is a Co-Founder and Head of the Slovak Fundraising Centre and between 2019-2021 he served as a President of the European Fundraising Association.<\/p>\n<\/div>\n<\/div><\/div><\/div><div id=\"panel-14002-7-1-2\" class=\"so-panel widget widget_sow-social-media-buttons panel-last-child\" data-index=\"10\" ><div\n\t\t\t\n\t\t\tclass=\"so-widget-sow-social-media-buttons so-widget-sow-social-media-buttons-wire-6473265b5e4d-14002\"\n\t\t\t\n\t\t>\n\n<div class=\"social-media-button-container\">\n\t\n\t\t<a class=\"ow-button-hover sow-social-media-button-envelope-0 sow-social-media-button\" title=\"Slovak Fundraising Centre on Envelope\" aria-label=\"Slovak Fundraising Centre on Envelope\" target=\"_blank\" rel=\"noopener noreferrer\" href=\"mailto:eduard.marcek@fundraising.sk\" >\n\t\t\t<span>\n\t\t\t\t\t\t\t\t<span class=\"sow-icon-fontawesome sow-fas\" data-sow-icon=\"&#xf0e0;\"\n\t\t \n\t\taria-hidden=\"true\"><\/span>\t\t\t\t\t\t\t<\/span>\n\t\t<\/a>\n\t\n\t\t<a class=\"ow-button-hover sow-social-media-button-facebook-0 sow-social-media-button\" title=\"Slovak Fundraising Centre on Facebook\" aria-label=\"Slovak Fundraising Centre on Facebook\" target=\"_blank\" rel=\"noopener noreferrer\" href=\"https:\/\/www.facebook.com\/eduard.marcek\" >\n\t\t\t<span>\n\t\t\t\t\t\t\t\t<span class=\"sow-icon-fontawesome sow-fab\" data-sow-icon=\"&#xf39e;\"\n\t\t \n\t\taria-hidden=\"true\"><\/span>\t\t\t\t\t\t\t<\/span>\n\t\t<\/a>\n\t\n\t\t<a class=\"ow-button-hover sow-social-media-button-x-twitter-0 sow-social-media-button\" title=\"Slovak Fundraising Centre on X Twitter\" aria-label=\"Slovak Fundraising Centre on X Twitter\" target=\"_blank\" rel=\"noopener noreferrer\" href=\"https:\/\/twitter.com\/emarcek\" >\n\t\t\t<span>\n\t\t\t\t\t\t\t\t<span class=\"sow-icon-fontawesome sow-fab\" data-sow-icon=\"&#xe61b;\"\n\t\t \n\t\taria-hidden=\"true\"><\/span>\t\t\t\t\t\t\t<\/span>\n\t\t<\/a>\n\t\n\t\t<a class=\"ow-button-hover sow-social-media-button-linkedin-0 sow-social-media-button\" title=\"Slovak Fundraising Centre on Linkedin\" aria-label=\"Slovak Fundraising Centre on Linkedin\" target=\"_blank\" rel=\"noopener noreferrer\" href=\"https:\/\/www.linkedin.com\/in\/eduard-mar%C4%8Dek-574bb12\/\" >\n\t\t\t<span>\n\t\t\t\t\t\t\t\t<span class=\"sow-icon-fontawesome sow-fab\" data-sow-icon=\"&#xf0e1;\"\n\t\t \n\t\taria-hidden=\"true\"><\/span>\t\t\t\t\t\t\t<\/span>\n\t\t<\/a>\n\t<\/div>\n<\/div><\/div><\/div><div id=\"pgc-14002-7-2\"  class=\"panel-grid-cell panel-grid-cell-mobile-last\" ><div id=\"panel-14002-7-2-0\" class=\"so-panel widget widget_sow-image panel-first-child\" data-index=\"11\" ><div class=\"wow zoomIn panel-widget-style panel-widget-style-for-14002-7-2-0\" data-wow-offset=\"10\" data-wow-iteration=\"1\" ><div\n\t\t\t\n\t\t\tclass=\"so-widget-sow-image so-widget-sow-image-default-8b5b6f678277-14002\"\n\t\t\t\n\t\t>\n\n<div class=\"sow-image-container\">\n\t\t<img src=\"https:\/\/www.fundraising.sk\/wp-content\/uploads\/2017\/12\/foto_katarina_1208_1209_bw_circle-300x300.png\" width=\"300\" height=\"300\" srcset=\"https:\/\/www.fundraising.sk\/wp-content\/uploads\/2017\/12\/foto_katarina_1208_1209_bw_circle-300x300.png 300w, https:\/\/www.fundraising.sk\/wp-content\/uploads\/2017\/12\/foto_katarina_1208_1209_bw_circle-150x150.png 150w, https:\/\/www.fundraising.sk\/wp-content\/uploads\/2017\/12\/foto_katarina_1208_1209_bw_circle-768x769.png 768w, https:\/\/www.fundraising.sk\/wp-content\/uploads\/2017\/12\/foto_katarina_1208_1209_bw_circle-1024x1024.png 1024w, https:\/\/www.fundraising.sk\/wp-content\/uploads\/2017\/12\/foto_katarina_1208_1209_bw_circle-60x60.png 60w, https:\/\/www.fundraising.sk\/wp-content\/uploads\/2017\/12\/foto_katarina_1208_1209_bw_circle-700x700.png 700w, https:\/\/www.fundraising.sk\/wp-content\/uploads\/2017\/12\/foto_katarina_1208_1209_bw_circle-1000x1000.png 1000w, https:\/\/www.fundraising.sk\/wp-content\/uploads\/2017\/12\/foto_katarina_1208_1209_bw_circle.png 1208w\" sizes=\"(max-width: 300px) 100vw, 300px\" alt=\"\" loading=\"lazy\" \t\tclass=\"so-widget-image\"\/>\n\t<\/div>\n\n<\/div><\/div><\/div><div id=\"panel-14002-7-2-1\" class=\"so-panel widget widget_sow-editor\" data-index=\"12\" ><div class=\"panel-widget-style panel-widget-style-for-14002-7-2-1\" ><div\n\t\t\t\n\t\t\tclass=\"so-widget-sow-editor so-widget-sow-editor-base\"\n\t\t\t\n\t\t>\n<div class=\"siteorigin-widget-tinymce textwidget\">\n\t<h5><span style=\"color: #da1f3d;\">Mgr. Katar\u00edna Bartovi\u010dov\u00e1<\/span><\/h5>\n<p>Deputy Chair<\/p>\n<p>Starting as an activist in 1997, Katarina went on and worked for Greenpeace Slovakia as a Fundraising and PR Manager between 2001-2010. She was in charge of donor acquisition and management, personal income taxes allocations and financial management. She had also volunteered for Amnesty International Slovakia and later became the organisation\u2019s member and president of its Coordination Council. She has been the Consultant for and Deputy Chair of the Slovak Fundraising Centre since she co-founded it in 2009, being mainly responsible for building individual and corporate giving. In 2016 she started working as a fundraising manager at European Digital Rights in Brussels, Belgium, whose goal is to protect human rights and freedoms in the digital environment. She also works as a fundraiser for Post Bellum.<\/p>\n<\/div>\n<\/div><\/div><\/div><div id=\"panel-14002-7-2-2\" class=\"so-panel widget widget_sow-social-media-buttons panel-last-child\" data-index=\"13\" ><div\n\t\t\t\n\t\t\tclass=\"so-widget-sow-social-media-buttons so-widget-sow-social-media-buttons-wire-6473265b5e4d-14002\"\n\t\t\t\n\t\t>\n\n<div class=\"social-media-button-container\">\n\t\n\t\t<a class=\"ow-button-hover sow-social-media-button-envelope-0 sow-social-media-button\" title=\"Slovak Fundraising Centre on Envelope\" aria-label=\"Slovak Fundraising Centre on Envelope\" target=\"_blank\" rel=\"noopener noreferrer\" href=\"mailto:katarina.bartovicova@fundraising.sk\" >\n\t\t\t<span>\n\t\t\t\t\t\t\t\t<span class=\"sow-icon-fontawesome sow-fas\" data-sow-icon=\"&#xf0e0;\"\n\t\t \n\t\taria-hidden=\"true\"><\/span>\t\t\t\t\t\t\t<\/span>\n\t\t<\/a>\n\t\n\t\t<a class=\"ow-button-hover sow-social-media-button-facebook-0 sow-social-media-button\" title=\"Slovak Fundraising Centre on Facebook\" aria-label=\"Slovak Fundraising Centre on Facebook\" target=\"_blank\" rel=\"noopener noreferrer\" href=\"https:\/\/www.facebook.com\/katarina.bartovicova\" >\n\t\t\t<span>\n\t\t\t\t\t\t\t\t<span class=\"sow-icon-fontawesome sow-fab\" data-sow-icon=\"&#xf39e;\"\n\t\t \n\t\taria-hidden=\"true\"><\/span>\t\t\t\t\t\t\t<\/span>\n\t\t<\/a>\n\t\n\t\t<a class=\"ow-button-hover sow-social-media-button-x-twitter-0 sow-social-media-button\" title=\"Slovak Fundraising Centre on X Twitter\" aria-label=\"Slovak Fundraising Centre on X Twitter\" target=\"_blank\" rel=\"noopener noreferrer\" href=\"https:\/\/twitter.com\/KBartovicova\" >\n\t\t\t<span>\n\t\t\t\t\t\t\t\t<span class=\"sow-icon-fontawesome sow-fab\" data-sow-icon=\"&#xe61b;\"\n\t\t \n\t\taria-hidden=\"true\"><\/span>\t\t\t\t\t\t\t<\/span>\n\t\t<\/a>\n\t\n\t\t<a class=\"ow-button-hover sow-social-media-button-linkedin-0 sow-social-media-button\" title=\"Slovak Fundraising Centre on Linkedin\" aria-label=\"Slovak Fundraising Centre on Linkedin\" target=\"_blank\" rel=\"noopener noreferrer\" href=\"https:\/\/www.linkedin.com\/in\/katarina-bartovicova-8984025a?authType=NAME_SEARCH&#038;authToken=HlWj&#038;locale=en_US&#038;trk=tyah&#038;trkInfo=clickedVertical%3Amynetwork%2CclickedEntityId%3A210018932%2CauthType%3ANAME_SEARCH%2Cidx%3A1-1-1%2CtarId%3A1483722575929%2Ctas%3Akata\" >\n\t\t\t<span>\n\t\t\t\t\t\t\t\t<span class=\"sow-icon-fontawesome sow-fab\" data-sow-icon=\"&#xf0e1;\"\n\t\t \n\t\taria-hidden=\"true\"><\/span>\t\t\t\t\t\t\t<\/span>\n\t\t<\/a>\n\t<\/div>\n<\/div><\/div><\/div><div id=\"pgc-14002-7-3\"  class=\"panel-grid-cell panel-grid-cell-empty\" ><\/div><\/div><div id=\"pg-14002-8\"  class=\"panel-grid panel-has-style\" ><div style=\"padding-bottom: 60px; \" class=\"panel-row-style panel-row-style-for-14002-8\" ><div id=\"pgc-14002-8-0\"  class=\"panel-grid-cell panel-grid-cell-empty\" ><\/div><div id=\"pgc-14002-8-1\"  class=\"panel-grid-cell panel-grid-cell-mobile-last\" ><div id=\"panel-14002-8-1-0\" class=\"so-panel widget widget_sow-button panel-first-child panel-last-child\" data-index=\"14\" ><div\n\t\t\t\n\t\t\tclass=\"so-widget-sow-button so-widget-sow-button-wire-d65d16c4e351-14002\"\n\t\t\t\n\t\t><div class=\"ow-button-base ow-button-align-center\">\n\t\t\t<a\n\t\t\t\t\thref=\"https:\/\/www.fundraising.sk\/vzdelavanie\/fundraising-pre-zaciatocnikov\/registracia-na-kurz\/\"\n\t\t\t\t\tclass=\"sowb-button ow-icon-placement-left ow-button-hover\" \t>\n\t\t<span>\n\t\t\t\n\t\t\tREGISTRATION\t\t<\/span>\n\t\t\t<\/a>\n\t<\/div>\n<\/div><\/div><\/div><div id=\"pgc-14002-8-2\"  class=\"panel-grid-cell panel-grid-cell-empty\" ><\/div><\/div><\/div><\/div>","protected":false},"excerpt":{"rendered":"<p>Educational course on the basics of raising funds, especially from individual donors.<\/p>\n","protected":false},"author":4,"featured_media":0,"parent":9277,"menu_order":0,"comment_status":"closed","ping_status":"closed","template":"","meta":[],"_links":{"self":[{"href":"https:\/\/www.fundraising.sk\/en\/wp-json\/wp\/v2\/pages\/14002"}],"collection":[{"href":"https:\/\/www.fundraising.sk\/en\/wp-json\/wp\/v2\/pages"}],"about":[{"href":"https:\/\/www.fundraising.sk\/en\/wp-json\/wp\/v2\/types\/page"}],"author":[{"embeddable":true,"href":"https:\/\/www.fundraising.sk\/en\/wp-json\/wp\/v2\/users\/4"}],"replies":[{"embeddable":true,"href":"https:\/\/www.fundraising.sk\/en\/wp-json\/wp\/v2\/comments?post=14002"}],"version-history":[{"count":7,"href":"https:\/\/www.fundraising.sk\/en\/wp-json\/wp\/v2\/pages\/14002\/revisions"}],"predecessor-version":[{"id":14108,"href":"https:\/\/www.fundraising.sk\/en\/wp-json\/wp\/v2\/pages\/14002\/revisions\/14108"}],"up":[{"embeddable":true,"href":"https:\/\/www.fundraising.sk\/en\/wp-json\/wp\/v2\/pages\/9277"}],"wp:attachment":[{"href":"https:\/\/www.fundraising.sk\/en\/wp-json\/wp\/v2\/media?parent=14002"}],"curies":[{"name":"wp","href":"https:\/\/api.w.org\/{rel}","templated":true}]}}