{"id":14105,"date":"2023-01-15T23:29:25","date_gmt":"2023-01-15T22:29:25","guid":{"rendered":"https:\/\/www.fundraising.sk\/?page_id=14105"},"modified":"2023-01-15T23:59:34","modified_gmt":"2023-01-15T22:59:34","slug":"crowdfunding","status":"publish","type":"page","link":"https:\/\/www.fundraising.sk\/en\/training\/crowdfunding\/","title":{"rendered":"Crowdfunding"},"content":{"rendered":"<div id=\"pl-14105\"  class=\"panel-layout\" ><div id=\"pg-14105-0\"  class=\"panel-grid panel-no-style\" ><div id=\"pgc-14105-0-0\"  class=\"panel-grid-cell panel-grid-cell-empty\" ><\/div><div id=\"pgc-14105-0-1\"  class=\"panel-grid-cell panel-grid-cell-mobile-last\" ><div id=\"panel-14105-0-1-0\" class=\"so-panel widget widget_sow-editor panel-first-child panel-last-child\" data-index=\"0\" ><div\n\t\t\t\n\t\t\tclass=\"so-widget-sow-editor so-widget-sow-editor-base\"\n\t\t\t\n\t\t>\n<div class=\"siteorigin-widget-tinymce textwidget\">\n\t<p>&nbsp;<\/p>\n<\/div>\n<\/div><\/div><\/div><div id=\"pgc-14105-0-2\"  class=\"panel-grid-cell panel-grid-cell-empty\" ><\/div><\/div><div id=\"pg-14105-1\"  class=\"panel-grid panel-no-style\" ><div id=\"pgc-14105-1-0\"  class=\"panel-grid-cell panel-grid-cell-empty\" ><\/div><div id=\"pgc-14105-1-1\"  class=\"panel-grid-cell panel-grid-cell-mobile-last\" ><div id=\"panel-14105-1-1-0\" class=\"so-panel widget widget_sow-editor panel-first-child panel-last-child\" data-index=\"1\" ><div class=\"panel-widget-style panel-widget-style-for-14105-1-1-0\" ><div\n\t\t\t\n\t\t\tclass=\"so-widget-sow-editor so-widget-sow-editor-base\"\n\t\t\t\n\t\t>\n<div class=\"siteorigin-widget-tinymce textwidget\">\n\t<h4 style=\"text-align: center;\"><strong>The course focuses on how to get donations from a large number of supporters for a chosen idea or project. \u00a0<\/strong><\/h4>\n<\/div>\n<\/div><\/div><\/div><\/div><div id=\"pgc-14105-1-2\"  class=\"panel-grid-cell panel-grid-cell-empty\" ><\/div><\/div><div id=\"pg-14105-2\"  class=\"panel-grid panel-has-style\" ><div style=\"padding-top: 30px; \" class=\"panel-row-style panel-row-style-for-14105-2\" ><div id=\"pgc-14105-2-0\"  class=\"panel-grid-cell panel-grid-cell-empty\" ><\/div><div id=\"pgc-14105-2-1\"  class=\"panel-grid-cell panel-grid-cell-mobile-last\" ><div id=\"panel-14105-2-1-0\" class=\"so-panel widget widget_sow-editor panel-first-child panel-last-child\" data-index=\"2\" ><div class=\"panel-widget-style panel-widget-style-for-14105-2-1-0\" ><div\n\t\t\t\n\t\t\tclass=\"so-widget-sow-editor so-widget-sow-editor-base\"\n\t\t\t\n\t\t>\n<div class=\"siteorigin-widget-tinymce textwidget\">\n\t<h4 style=\"text-align: left;\"><span style=\"color: #000000;\"><strong>Characteristics<\/strong><\/span><\/h4>\n<p>Crowdfunding is increasingly becoming a recognised new field in fundraising, representing a new tool for raising funds, mainly through the internet, despite the fact that the principles it works on have already been in use for some time. The internet offers a unique chance of success for smaller projects and organisations because it allows them to get practically the whole world to contribute to financing.<\/p>\n<p>Course participants will be given information about the criteria for effective crowdfunding, trends and specifics of crowdfunding, how to set up and carry out a crowdfunding campaign, and successful examples of \u201cfinancing from the crowd\u201d. They will also have the chance to propose their own plans for a crowdfunding campaign, which they will later be able to carry out in their own work.<\/p>\n<p>The course utilises its lecturers\u2019 lengthy experience and know-how in organising fundraising campaigns, through the use of presentations, discussions, group work and practical illustrations.<\/p>\n<\/div>\n<\/div><\/div><\/div><\/div><div id=\"pgc-14105-2-2\"  class=\"panel-grid-cell panel-grid-cell-empty\" ><\/div><\/div><\/div><div id=\"pg-14105-3\"  class=\"panel-grid panel-no-style\" ><div id=\"pgc-14105-3-0\"  class=\"panel-grid-cell panel-grid-cell-empty\" ><\/div><div id=\"pgc-14105-3-1\"  class=\"panel-grid-cell panel-grid-cell-mobile-last\" ><div id=\"panel-14105-3-1-0\" class=\"so-panel widget widget_sow-editor panel-first-child panel-last-child\" data-index=\"3\" ><div class=\"panel-widget-style panel-widget-style-for-14105-3-1-0\" ><div\n\t\t\t\n\t\t\tclass=\"so-widget-sow-editor so-widget-sow-editor-base\"\n\t\t\t\n\t\t>\n<div class=\"siteorigin-widget-tinymce textwidget\">\n\t<h4 style=\"text-align: left;\"><span style=\"color: #000000;\"><strong>Target Group<\/strong><\/span><\/h4>\n<p>The course is for anyone who:<\/p>\n<ul>\n<li>Is interested in getting a basic overview and necessary information for successful crowdfunding;<\/li>\n<li>Needs to know their way around the new possibilities and challenges for fundraising of social media and peer-to-peer support;<\/li>\n<li>Wants to try crowdfunding as a financing tool.<\/li>\n<\/ul>\n<\/div>\n<\/div><\/div><\/div><\/div><div id=\"pgc-14105-3-2\"  class=\"panel-grid-cell panel-grid-cell-empty\" ><\/div><\/div><div id=\"pg-14105-4\"  class=\"panel-grid panel-no-style\" ><div id=\"pgc-14105-4-0\"  class=\"panel-grid-cell panel-grid-cell-empty\" ><\/div><div id=\"pgc-14105-4-1\"  class=\"panel-grid-cell panel-grid-cell-mobile-last\" ><div id=\"panel-14105-4-1-0\" class=\"so-panel widget widget_sow-editor panel-first-child panel-last-child\" data-index=\"4\" ><div class=\"panel-widget-style panel-widget-style-for-14105-4-1-0\" ><div\n\t\t\t\n\t\t\tclass=\"so-widget-sow-editor so-widget-sow-editor-base\"\n\t\t\t\n\t\t>\n<div class=\"siteorigin-widget-tinymce textwidget\">\n\t<h4 style=\"text-align: left;\"><span style=\"color: #000000;\"><strong>Course Topics<\/strong><\/span><\/h4>\n<ul>\n<li><strong><span style=\"color: #da1f3d;\">The phenomenon of crowdfunding <\/span><\/strong>- development and trends, principles, differences compared to \u201ctraditional\u201d fundraising;<\/li>\n<li><strong><span style=\"color: #da1f3d;\">Crowdfunding campaign strategy <\/span><\/strong>- crowdfunding campaign preparation, realisation, and evaluation;<\/li>\n<li><strong><span style=\"color: #da1f3d;\">Communication when crowdfunding <\/span><\/strong>- how do I get people interested and involved? Messages, videos, social media;<\/li>\n<li><strong><span style=\"color: #da1f3d;\">Campaign realisation capacity <\/span><\/strong>- necessary communication capacity, payments, sending benefits;<\/li>\n<li><strong><span style=\"color: #da1f3d;\">Crowdfunding portals at home and abroad<\/span><\/strong> - characteristics, aims, pros and cons for participants from Slovakia;<\/li>\n<li><strong><span style=\"color: #da1f3d;\">Example studies <\/span><\/strong>- campaigns from the fields of culture, start-ups, and politics, successful and unsuccessful challenges;<\/li>\n<li><strong><span style=\"color: #da1f3d;\">Practical part: Design your own crowdfunding campaign <\/span><\/strong>- what project, service or product do you want to finance? What will be your offset system? Who should you go to with your appeal? How are you going to communicate?&nbsp;<\/li>\n<\/ul>\n<\/div>\n<\/div><\/div><\/div><\/div><div id=\"pgc-14105-4-2\"  class=\"panel-grid-cell panel-grid-cell-empty\" ><\/div><\/div><div id=\"pg-14105-5\"  class=\"panel-grid panel-no-style\" ><div id=\"pgc-14105-5-0\"  class=\"panel-grid-cell panel-grid-cell-empty\" ><\/div><div id=\"pgc-14105-5-1\"  class=\"panel-grid-cell panel-grid-cell-mobile-last\" ><div id=\"panel-14105-5-1-0\" class=\"so-panel widget widget_sow-editor panel-first-child panel-last-child\" data-index=\"5\" ><div class=\"panel-widget-style panel-widget-style-for-14105-5-1-0\" ><div\n\t\t\t\n\t\t\tclass=\"so-widget-sow-editor so-widget-sow-editor-base\"\n\t\t\t\n\t\t>\n<div class=\"siteorigin-widget-tinymce textwidget\">\n\t<h4 style=\"text-align: left;\"><span style=\"color: #000000;\"><strong>Takeaways For Participants<\/strong><\/span><\/h4>\n<ul>\n<li>New information and inspiration for crowdfunding development,<\/li>\n<li>Course presentations, including presentations from the CEE Fundraising Conference (for an additional fee),<\/li>\n<li>Expert domestic and foreign material\/texts on the issues raised in the course, concrete examples, example studies, recommendations for other books and internet sources<\/li>\n<li>A basis for launching their own crowdfunding campaign.<\/li>\n<\/ul>\n<\/div>\n<\/div><\/div><\/div><\/div><div id=\"pgc-14105-5-2\"  class=\"panel-grid-cell panel-grid-cell-empty\" ><\/div><\/div><div id=\"pg-14105-6\"  class=\"panel-grid panel-no-style\" ><div id=\"pgc-14105-6-0\"  class=\"panel-grid-cell panel-grid-cell-empty\" ><\/div><div id=\"pgc-14105-6-1\"  class=\"panel-grid-cell panel-grid-cell-mobile-last\" ><div id=\"panel-14105-6-1-0\" class=\"so-panel widget widget_sow-editor panel-first-child panel-last-child\" data-index=\"6\" ><div class=\"lektori panel-widget-style panel-widget-style-for-14105-6-1-0\" ><div\n\t\t\t\n\t\t\tclass=\"so-widget-sow-editor so-widget-sow-editor-base\"\n\t\t\t\n\t\t>\n<div class=\"siteorigin-widget-tinymce textwidget\">\n\t<h4><strong><span style=\"color: #000000;\">Lecturers<\/span><\/strong><\/h4>\n<\/div>\n<\/div><\/div><\/div><\/div><div id=\"pgc-14105-6-2\"  class=\"panel-grid-cell panel-grid-cell-empty\" ><\/div><\/div><div id=\"pg-14105-7\"  class=\"panel-grid panel-no-style\" ><div id=\"pgc-14105-7-0\"  class=\"panel-grid-cell panel-grid-cell-empty\" ><\/div><div id=\"pgc-14105-7-1\"  class=\"panel-grid-cell\" ><div id=\"panel-14105-7-1-0\" class=\"so-panel widget widget_sow-image panel-first-child\" data-index=\"7\" ><div class=\"wow zoomIn panel-widget-style panel-widget-style-for-14105-7-1-0\" data-wow-offset=\"10\" data-wow-iteration=\"1\" ><div\n\t\t\t\n\t\t\tclass=\"so-widget-sow-image so-widget-sow-image-default-8b5b6f678277-14105\"\n\t\t\t\n\t\t>\n\n<div class=\"sow-image-container\">\n\t\t<img src=\"https:\/\/www.fundraising.sk\/wp-content\/uploads\/2017\/12\/foto_katarina_1208_1209_bw_circle-300x300.png\" width=\"300\" height=\"300\" srcset=\"https:\/\/www.fundraising.sk\/wp-content\/uploads\/2017\/12\/foto_katarina_1208_1209_bw_circle-300x300.png 300w, https:\/\/www.fundraising.sk\/wp-content\/uploads\/2017\/12\/foto_katarina_1208_1209_bw_circle-150x150.png 150w, https:\/\/www.fundraising.sk\/wp-content\/uploads\/2017\/12\/foto_katarina_1208_1209_bw_circle-768x769.png 768w, https:\/\/www.fundraising.sk\/wp-content\/uploads\/2017\/12\/foto_katarina_1208_1209_bw_circle-1024x1024.png 1024w, https:\/\/www.fundraising.sk\/wp-content\/uploads\/2017\/12\/foto_katarina_1208_1209_bw_circle-60x60.png 60w, https:\/\/www.fundraising.sk\/wp-content\/uploads\/2017\/12\/foto_katarina_1208_1209_bw_circle-700x700.png 700w, https:\/\/www.fundraising.sk\/wp-content\/uploads\/2017\/12\/foto_katarina_1208_1209_bw_circle-1000x1000.png 1000w, https:\/\/www.fundraising.sk\/wp-content\/uploads\/2017\/12\/foto_katarina_1208_1209_bw_circle.png 1208w\" sizes=\"(max-width: 300px) 100vw, 300px\" alt=\"\" loading=\"lazy\" \t\tclass=\"so-widget-image\"\/>\n\t<\/div>\n\n<\/div><\/div><\/div><div id=\"panel-14105-7-1-1\" class=\"so-panel widget widget_sow-editor\" data-index=\"8\" ><div class=\"panel-widget-style panel-widget-style-for-14105-7-1-1\" ><div\n\t\t\t\n\t\t\tclass=\"so-widget-sow-editor so-widget-sow-editor-base\"\n\t\t\t\n\t\t>\n<div class=\"siteorigin-widget-tinymce textwidget\">\n\t<h5><span style=\"color: #da1f3d;\">Mgr. Katar\u00edna Bartovi\u010dov\u00e1<\/span><\/h5>\n<p>Deputy Chair<\/p>\n<p>Starting as an activist in 1997, Katarina went on and worked for Greenpeace Slovakia as a Fundraising and PR Manager between 2001-2010. She was in charge of donor acquisition and management, personal income taxes allocations and financial management. She had also volunteered for Amnesty International Slovakia and later became the organisation\u2019s member and president of its Coordination Council. She has been the Consultant for and Deputy Chair of the Slovak Fundraising Centre since she co-founded it in 2009, being mainly responsible for building individual and corporate giving. In 2016 she started working as a fundraising manager at European Digital Rights in Brussels, whose goal is to protect human rights and freedoms in the digital environment. She also works as a fundraiser for Post Bellum.<\/p>\n<\/div>\n<\/div><\/div><\/div><div id=\"panel-14105-7-1-2\" class=\"so-panel widget widget_sow-social-media-buttons panel-last-child\" data-index=\"9\" ><div\n\t\t\t\n\t\t\tclass=\"so-widget-sow-social-media-buttons so-widget-sow-social-media-buttons-wire-6473265b5e4d-14105\"\n\t\t\t\n\t\t>\n\n<div class=\"social-media-button-container\">\n\t\n\t\t<a class=\"ow-button-hover sow-social-media-button-envelope-0 sow-social-media-button\" title=\"Slovak Fundraising Centre on Envelope\" aria-label=\"Slovak Fundraising Centre on Envelope\" target=\"_blank\" rel=\"noopener noreferrer\" href=\"mailto:katarina.bartovicova@fundraising.sk\" >\n\t\t\t<span>\n\t\t\t\t\t\t\t\t<span class=\"sow-icon-fontawesome sow-fas\" data-sow-icon=\"&#xf0e0;\"\n\t\t \n\t\taria-hidden=\"true\"><\/span>\t\t\t\t\t\t\t<\/span>\n\t\t<\/a>\n\t\n\t\t<a class=\"ow-button-hover sow-social-media-button-facebook-0 sow-social-media-button\" title=\"Slovak Fundraising Centre on Facebook\" aria-label=\"Slovak Fundraising Centre on Facebook\" target=\"_blank\" rel=\"noopener noreferrer\" href=\"https:\/\/www.facebook.com\/katarina.bartovicova\" >\n\t\t\t<span>\n\t\t\t\t\t\t\t\t<span class=\"sow-icon-fontawesome sow-fab\" data-sow-icon=\"&#xf39e;\"\n\t\t \n\t\taria-hidden=\"true\"><\/span>\t\t\t\t\t\t\t<\/span>\n\t\t<\/a>\n\t\n\t\t<a class=\"ow-button-hover sow-social-media-button-x-twitter-0 sow-social-media-button\" title=\"Slovak Fundraising Centre on X Twitter\" aria-label=\"Slovak Fundraising Centre on X Twitter\" target=\"_blank\" rel=\"noopener noreferrer\" href=\"https:\/\/twitter.com\/KBartovicova\" >\n\t\t\t<span>\n\t\t\t\t\t\t\t\t<span class=\"sow-icon-fontawesome sow-fab\" data-sow-icon=\"&#xe61b;\"\n\t\t \n\t\taria-hidden=\"true\"><\/span>\t\t\t\t\t\t\t<\/span>\n\t\t<\/a>\n\t\n\t\t<a class=\"ow-button-hover sow-social-media-button-linkedin-0 sow-social-media-button\" title=\"Slovak Fundraising Centre on Linkedin\" aria-label=\"Slovak Fundraising Centre on Linkedin\" target=\"_blank\" rel=\"noopener noreferrer\" href=\"https:\/\/www.linkedin.com\/in\/katarina-bartovicova-8984025a?authType=NAME_SEARCH&#038;authToken=HlWj&#038;locale=en_US&#038;trk=tyah&#038;trkInfo=clickedVertical%3Amynetwork%2CclickedEntityId%3A210018932%2CauthType%3ANAME_SEARCH%2Cidx%3A1-1-1%2CtarId%3A1483722575929%2Ctas%3Akata\" >\n\t\t\t<span>\n\t\t\t\t\t\t\t\t<span class=\"sow-icon-fontawesome sow-fab\" data-sow-icon=\"&#xf0e1;\"\n\t\t \n\t\taria-hidden=\"true\"><\/span>\t\t\t\t\t\t\t<\/span>\n\t\t<\/a>\n\t<\/div>\n<\/div><\/div><\/div><div id=\"pgc-14105-7-2\"  class=\"panel-grid-cell panel-grid-cell-mobile-last\" ><div id=\"panel-14105-7-2-0\" class=\"so-panel widget widget_sow-image panel-first-child\" data-index=\"10\" ><div class=\"wow zoomIn panel-widget-style panel-widget-style-for-14105-7-2-0\" data-wow-offset=\"10\" data-wow-iteration=\"1\" ><div\n\t\t\t\n\t\t\tclass=\"so-widget-sow-image so-widget-sow-image-default-8b5b6f678277-14105\"\n\t\t\t\n\t\t>\n\n<div class=\"sow-image-container\">\n\t\t<img src=\"https:\/\/www.fundraising.sk\/wp-content\/uploads\/2017\/12\/foto_eduard_600_500_bw_circle-300x300.png\" width=\"300\" height=\"300\" srcset=\"https:\/\/www.fundraising.sk\/wp-content\/uploads\/2017\/12\/foto_eduard_600_500_bw_circle-300x300.png 300w, https:\/\/www.fundraising.sk\/wp-content\/uploads\/2017\/12\/foto_eduard_600_500_bw_circle-150x150.png 150w, https:\/\/www.fundraising.sk\/wp-content\/uploads\/2017\/12\/foto_eduard_600_500_bw_circle-768x769.png 768w, https:\/\/www.fundraising.sk\/wp-content\/uploads\/2017\/12\/foto_eduard_600_500_bw_circle-1024x1024.png 1024w, https:\/\/www.fundraising.sk\/wp-content\/uploads\/2017\/12\/foto_eduard_600_500_bw_circle-60x60.png 60w, https:\/\/www.fundraising.sk\/wp-content\/uploads\/2017\/12\/foto_eduard_600_500_bw_circle-700x700.png 700w, https:\/\/www.fundraising.sk\/wp-content\/uploads\/2017\/12\/foto_eduard_600_500_bw_circle-1000x1000.png 1000w, https:\/\/www.fundraising.sk\/wp-content\/uploads\/2017\/12\/foto_eduard_600_500_bw_circle.png 1208w\" sizes=\"(max-width: 300px) 100vw, 300px\" alt=\"\" loading=\"lazy\" \t\tclass=\"so-widget-image\"\/>\n\t<\/div>\n\n<\/div><\/div><\/div><div id=\"panel-14105-7-2-1\" class=\"so-panel widget widget_sow-editor\" data-index=\"11\" ><div class=\"panel-widget-style panel-widget-style-for-14105-7-2-1\" ><div\n\t\t\t\n\t\t\tclass=\"so-widget-sow-editor so-widget-sow-editor-base\"\n\t\t\t\n\t\t>\n<div class=\"siteorigin-widget-tinymce textwidget\">\n\t<h5><span style=\"color: #da1f3d;\">Ing. Eduard Mar\u010dek, MA, PhD.<\/span><\/h5>\n<p>Chair<\/p>\n<p>Eduard has been working in the non-profit sector since 1997, and has rich experience from many consulting and training projects at home and abroad (e.g. strengthening fundraising capacities of non-governmental development organizations in four countries of Central Europe in collaboration with the UK\u2019s Resource Alliance). As a Consultant, he deals with NGO fundraising and financing and cross-sector collaboration. He provided consulting services to a number of domestic and international non-governmental organizations and worked on various analytical studies across Europe. Since February 2018 Eduard works as a Head of Individual Fundraising for Transparency International Slovakia. Eduard is a Co-Founder and Head of the Slovak Fundraising Centre and between 2019-2021 he served as a President of the European Fundraising Association.<\/p>\n<\/div>\n<\/div><\/div><\/div><div id=\"panel-14105-7-2-2\" class=\"so-panel widget widget_sow-social-media-buttons panel-last-child\" data-index=\"12\" ><div\n\t\t\t\n\t\t\tclass=\"so-widget-sow-social-media-buttons so-widget-sow-social-media-buttons-wire-6473265b5e4d-14105\"\n\t\t\t\n\t\t>\n\n<div class=\"social-media-button-container\">\n\t\n\t\t<a class=\"ow-button-hover sow-social-media-button-envelope-0 sow-social-media-button\" title=\"Slovak Fundraising Centre on Envelope\" aria-label=\"Slovak Fundraising Centre on Envelope\" target=\"_blank\" rel=\"noopener noreferrer\" href=\"mailto:eduard.marcek@fundraising.sk\" >\n\t\t\t<span>\n\t\t\t\t\t\t\t\t<span class=\"sow-icon-fontawesome sow-fas\" data-sow-icon=\"&#xf0e0;\"\n\t\t \n\t\taria-hidden=\"true\"><\/span>\t\t\t\t\t\t\t<\/span>\n\t\t<\/a>\n\t\n\t\t<a class=\"ow-button-hover sow-social-media-button-facebook-0 sow-social-media-button\" title=\"Slovak Fundraising Centre on Facebook\" aria-label=\"Slovak Fundraising Centre on Facebook\" target=\"_blank\" rel=\"noopener noreferrer\" href=\"https:\/\/www.facebook.com\/eduard.marcek\" >\n\t\t\t<span>\n\t\t\t\t\t\t\t\t<span class=\"sow-icon-fontawesome sow-fab\" data-sow-icon=\"&#xf39e;\"\n\t\t \n\t\taria-hidden=\"true\"><\/span>\t\t\t\t\t\t\t<\/span>\n\t\t<\/a>\n\t\n\t\t<a class=\"ow-button-hover sow-social-media-button-x-twitter-0 sow-social-media-button\" title=\"Slovak Fundraising Centre on X Twitter\" aria-label=\"Slovak Fundraising Centre on X Twitter\" target=\"_blank\" rel=\"noopener noreferrer\" href=\"https:\/\/twitter.com\/emarcek\" >\n\t\t\t<span>\n\t\t\t\t\t\t\t\t<span class=\"sow-icon-fontawesome sow-fab\" data-sow-icon=\"&#xe61b;\"\n\t\t \n\t\taria-hidden=\"true\"><\/span>\t\t\t\t\t\t\t<\/span>\n\t\t<\/a>\n\t\n\t\t<a class=\"ow-button-hover sow-social-media-button-linkedin-0 sow-social-media-button\" title=\"Slovak Fundraising Centre on Linkedin\" aria-label=\"Slovak Fundraising Centre on Linkedin\" target=\"_blank\" rel=\"noopener noreferrer\" href=\"https:\/\/www.linkedin.com\/in\/eduard-mar%C4%8Dek-574bb12\/\" >\n\t\t\t<span>\n\t\t\t\t\t\t\t\t<span class=\"sow-icon-fontawesome sow-fab\" data-sow-icon=\"&#xf0e1;\"\n\t\t \n\t\taria-hidden=\"true\"><\/span>\t\t\t\t\t\t\t<\/span>\n\t\t<\/a>\n\t<\/div>\n<\/div><\/div><\/div><div id=\"pgc-14105-7-3\"  class=\"panel-grid-cell panel-grid-cell-empty\" ><\/div><\/div><\/div>","protected":false},"excerpt":{"rendered":"<p>&nbsp; The course focuses on how to get donations from a large number of supporters for a chosen idea or project. \u00a0<\/p>\n","protected":false},"author":4,"featured_media":0,"parent":9277,"menu_order":0,"comment_status":"closed","ping_status":"closed","template":"","meta":[],"_links":{"self":[{"href":"https:\/\/www.fundraising.sk\/en\/wp-json\/wp\/v2\/pages\/14105"}],"collection":[{"href":"https:\/\/www.fundraising.sk\/en\/wp-json\/wp\/v2\/pages"}],"about":[{"href":"https:\/\/www.fundraising.sk\/en\/wp-json\/wp\/v2\/types\/page"}],"author":[{"embeddable":true,"href":"https:\/\/www.fundraising.sk\/en\/wp-json\/wp\/v2\/users\/4"}],"replies":[{"embeddable":true,"href":"https:\/\/www.fundraising.sk\/en\/wp-json\/wp\/v2\/comments?post=14105"}],"version-history":[{"count":6,"href":"https:\/\/www.fundraising.sk\/en\/wp-json\/wp\/v2\/pages\/14105\/revisions"}],"predecessor-version":[{"id":14121,"href":"https:\/\/www.fundraising.sk\/en\/wp-json\/wp\/v2\/pages\/14105\/revisions\/14121"}],"up":[{"embeddable":true,"href":"https:\/\/www.fundraising.sk\/en\/wp-json\/wp\/v2\/pages\/9277"}],"wp:attachment":[{"href":"https:\/\/www.fundraising.sk\/en\/wp-json\/wp\/v2\/media?parent=14105"}],"curies":[{"name":"wp","href":"https:\/\/api.w.org\/{rel}","templated":true}]}}