{"id":14134,"date":"2023-01-16T22:19:19","date_gmt":"2023-01-16T21:19:19","guid":{"rendered":"https:\/\/www.fundraising.sk\/?page_id=14134"},"modified":"2023-01-16T22:57:49","modified_gmt":"2023-01-16T21:57:49","slug":"online-comm-fundraising","status":"publish","type":"page","link":"https:\/\/www.fundraising.sk\/en\/training\/online-comm-fundraising\/","title":{"rendered":"Online Communication And Fundraising"},"content":{"rendered":"<div id=\"pl-14134\"  class=\"panel-layout\" ><div id=\"pg-14134-0\"  class=\"panel-grid panel-no-style\" ><div id=\"pgc-14134-0-0\"  class=\"panel-grid-cell panel-grid-cell-empty\" ><\/div><div id=\"pgc-14134-0-1\"  class=\"panel-grid-cell panel-grid-cell-mobile-last\" ><div id=\"panel-14134-0-1-0\" class=\"so-panel widget widget_sow-editor panel-first-child panel-last-child\" data-index=\"0\" ><div\n\t\t\t\n\t\t\tclass=\"so-widget-sow-editor so-widget-sow-editor-base\"\n\t\t\t\n\t\t>\n<div class=\"siteorigin-widget-tinymce textwidget\">\n\t<p>&nbsp;<\/p>\n<\/div>\n<\/div><\/div><\/div><div id=\"pgc-14134-0-2\"  class=\"panel-grid-cell panel-grid-cell-empty\" ><\/div><\/div><div id=\"pg-14134-1\"  class=\"panel-grid panel-no-style\" ><div id=\"pgc-14134-1-0\"  class=\"panel-grid-cell panel-grid-cell-empty\" ><\/div><div id=\"pgc-14134-1-1\"  class=\"panel-grid-cell panel-grid-cell-mobile-last\" ><div id=\"panel-14134-1-1-0\" class=\"so-panel widget widget_sow-editor panel-first-child panel-last-child\" data-index=\"1\" ><div class=\"panel-widget-style panel-widget-style-for-14134-1-1-0\" ><div\n\t\t\t\n\t\t\tclass=\"so-widget-sow-editor so-widget-sow-editor-base\"\n\t\t\t\n\t\t>\n<div class=\"siteorigin-widget-tinymce textwidget\">\n\t<h4 style=\"text-align: center;\">Educational course for people in charge of online communication and fundraising<\/h4>\n<\/div>\n<\/div><\/div><\/div><\/div><div id=\"pgc-14134-1-2\"  class=\"panel-grid-cell panel-grid-cell-empty\" ><\/div><\/div><div id=\"pg-14134-2\"  class=\"panel-grid panel-has-style\" ><div style=\"padding-top: 30px; \" class=\"panel-row-style panel-row-style-for-14134-2\" ><div id=\"pgc-14134-2-0\"  class=\"panel-grid-cell panel-grid-cell-empty\" ><\/div><div id=\"pgc-14134-2-1\"  class=\"panel-grid-cell panel-grid-cell-mobile-last\" ><div id=\"panel-14134-2-1-0\" class=\"so-panel widget widget_sow-editor panel-first-child panel-last-child\" data-index=\"2\" ><div class=\"panel-widget-style panel-widget-style-for-14134-2-1-0\" ><div\n\t\t\t\n\t\t\tclass=\"so-widget-sow-editor so-widget-sow-editor-base\"\n\t\t\t\n\t\t>\n<div class=\"siteorigin-widget-tinymce textwidget\">\n\t<h4 style=\"text-align: left;\"><span style=\"color: #000000;\"><strong>Characteristics<\/strong><\/span><\/h4>\n<p><strong>In what way is internet communication different to traditional forms of communication such as by paper, telephone, or in person? What are its main benefits and what do you need to look out for? What are the newest trends and what to expect in one, three, or five years from now? <\/strong><\/p>\n<p>The course will take you through the basic rules of how to communicate with your supporters online and the proper steps to take if you want to turn a fan of your organisation into a regular financial donor.<\/p>\n<p>Through presentations, discussions, and practical demonstrations, participants will be given information about what is needed for effective communication and fundraising, working and building relationships with donors on-line.<\/p>\n<p>Concrete examples, both domestic and from abroad, illustrating the latest trends will serve as inspirational guidelines to improving on-line communication in your own organisations. The course utilises its lecturers\u2019 lengthy experience and know-how in raising funds from individual donors.<\/p>\n<\/div>\n<\/div><\/div><\/div><\/div><div id=\"pgc-14134-2-2\"  class=\"panel-grid-cell panel-grid-cell-empty\" ><\/div><\/div><\/div><div id=\"pg-14134-3\"  class=\"panel-grid panel-no-style\" ><div id=\"pgc-14134-3-0\"  class=\"panel-grid-cell panel-grid-cell-empty\" ><\/div><div id=\"pgc-14134-3-1\"  class=\"panel-grid-cell panel-grid-cell-mobile-last\" ><div id=\"panel-14134-3-1-0\" class=\"so-panel widget widget_sow-editor panel-first-child panel-last-child\" data-index=\"3\" ><div class=\"panel-widget-style panel-widget-style-for-14134-3-1-0\" ><div\n\t\t\t\n\t\t\tclass=\"so-widget-sow-editor so-widget-sow-editor-base\"\n\t\t\t\n\t\t>\n<div class=\"siteorigin-widget-tinymce textwidget\">\n\t<h4 style=\"text-align: left;\"><span style=\"color: #000000;\"><strong>Target Group<\/strong><\/span><\/h4>\n<p>The course is for anyone who:<\/p>\n<ul>\n<li class=\"Default\">Is interested in getting a basic overview and necessary information for effective communication and fundraising online;<\/li>\n<li class=\"Default\">Needs to find their way around the dynamically developing field of working with donors via social media and the internet;<\/li>\n<li class=\"Default\">Needs to enrich their approach to financing with inspiration and new trends.<\/li>\n<\/ul>\n<\/div>\n<\/div><\/div><\/div><\/div><div id=\"pgc-14134-3-2\"  class=\"panel-grid-cell panel-grid-cell-empty\" ><\/div><\/div><div id=\"pg-14134-4\"  class=\"panel-grid panel-no-style\" ><div id=\"pgc-14134-4-0\"  class=\"panel-grid-cell panel-grid-cell-empty\" ><\/div><div id=\"pgc-14134-4-1\"  class=\"panel-grid-cell panel-grid-cell-mobile-last\" ><div id=\"panel-14134-4-1-0\" class=\"so-panel widget widget_sow-editor panel-first-child panel-last-child\" data-index=\"4\" ><div class=\"panel-widget-style panel-widget-style-for-14134-4-1-0\" ><div\n\t\t\t\n\t\t\tclass=\"so-widget-sow-editor so-widget-sow-editor-base\"\n\t\t\t\n\t\t>\n<div class=\"siteorigin-widget-tinymce textwidget\">\n\t<h4 style=\"text-align: left;\"><span style=\"color: #000000;\"><strong>Corse Topics<\/strong><\/span><\/h4>\n<ul>\n<li><strong><span style=\"color: #da1f3d;\">Ideal website <\/span><\/strong>- what do supporters expect from your website?; Types of website; Trends; What to remember.<\/li>\n<li><strong><span style=\"color: #da1f3d;\">I am on-line, therefore I am! <\/span><\/strong>- overview and development of social media; On-line isn\u2019t about days, it\u2019s about minutes; Generation \u201cZ\u201d.<\/li>\n<li><strong><span style=\"color: #da1f3d;\">Using social media for communication and fundraising <\/span><\/strong>- why and how to use Facebook, YouTube, and other media (Pokec, LinkedIn, Twitter, 4square...).<\/li>\n<li><strong><span style=\"color: #da1f3d;\">Newsletter and email communication <\/span><\/strong>- do you need a \u201cnewsletter\u201d or \u201ccyber appeal\u201d? How to write a newsletter.<\/li>\n<li><strong><span style=\"color: #da1f3d;\">On-line acquisitions <\/span><\/strong>- how to collect leads for free and how to use them; On-line advertising.<\/li>\n<li><strong><span style=\"color: #da1f3d;\">The path from fan to donor \u2013 turn your supporters into fundraisers <\/span><\/strong>- converting fans to donors; How and when to request your first gift; A one-time, or regular request?; Peer-to-peer fundraising; Inspirational examples.<\/li>\n<li><strong><span style=\"color: #da1f3d;\">How on-line advertising works <\/span><\/strong>- paid advertising (Google AdWords, Facebook Ads, banners) and free advertising; How to motivate fans to share your message.<\/li>\n<li><strong><span style=\"color: #da1f3d;\">Mobile devices <\/span><\/strong>- why you should not forget about mobiles; From SMS to apps; Mobile internet and the web; How to fit on a small screen.<\/li>\n<li><strong><span style=\"color: #da1f3d;\">Donation portals and the integration of payment tools into webpages <\/span><\/strong>- the purpose and differences of portals in Slovakia; How to write and promote your appeal well on portals; How to integrate e-commerce on your web quickly and freely.<\/li>\n<\/ul>\n<\/div>\n<\/div><\/div><\/div><\/div><div id=\"pgc-14134-4-2\"  class=\"panel-grid-cell panel-grid-cell-empty\" ><\/div><\/div><div id=\"pg-14134-5\"  class=\"panel-grid panel-no-style\" ><div id=\"pgc-14134-5-0\"  class=\"panel-grid-cell panel-grid-cell-empty\" ><\/div><div id=\"pgc-14134-5-1\"  class=\"panel-grid-cell panel-grid-cell-mobile-last\" ><div id=\"panel-14134-5-1-0\" class=\"so-panel widget widget_sow-editor panel-first-child panel-last-child\" data-index=\"5\" ><div class=\"panel-widget-style panel-widget-style-for-14134-5-1-0\" ><div\n\t\t\t\n\t\t\tclass=\"so-widget-sow-editor so-widget-sow-editor-base\"\n\t\t\t\n\t\t>\n<div class=\"siteorigin-widget-tinymce textwidget\">\n\t<h4 style=\"text-align: left;\"><span style=\"color: #000000;\"><strong>Takeaways For Participants<\/strong><\/span><\/h4>\n<ul>\n<li>Inspiration and new information for the development of on-line communication and fundraising;<\/li>\n<li>Course presentations, presentations from the CEE Fundraising online Conference (for an additional fee);<\/li>\n<li>Expert domestic and foreign material\/texts on the issues raised in the course, concrete examples, example studies, recommendations for other books and internet sources,<\/li>\n<\/ul>\n<\/div>\n<\/div><\/div><\/div><\/div><div id=\"pgc-14134-5-2\"  class=\"panel-grid-cell panel-grid-cell-empty\" ><\/div><\/div><div id=\"pg-14134-6\"  class=\"panel-grid panel-no-style\" ><div id=\"pgc-14134-6-0\"  class=\"panel-grid-cell panel-grid-cell-empty\" ><\/div><div id=\"pgc-14134-6-1\"  class=\"panel-grid-cell panel-grid-cell-mobile-last\" ><div id=\"panel-14134-6-1-0\" class=\"so-panel widget widget_sow-editor panel-first-child panel-last-child\" data-index=\"6\" ><div class=\"lektori panel-widget-style panel-widget-style-for-14134-6-1-0\" ><div\n\t\t\t\n\t\t\tclass=\"so-widget-sow-editor so-widget-sow-editor-base\"\n\t\t\t\n\t\t>\n<div class=\"siteorigin-widget-tinymce textwidget\">\n\t<h4><strong><span style=\"color: #000000;\">Lecturers<\/span><\/strong><\/h4>\n<\/div>\n<\/div><\/div><\/div><\/div><div id=\"pgc-14134-6-2\"  class=\"panel-grid-cell panel-grid-cell-empty\" ><\/div><\/div><div id=\"pg-14134-7\"  class=\"panel-grid panel-no-style\" ><div id=\"pgc-14134-7-0\"  class=\"panel-grid-cell panel-grid-cell-empty\" ><\/div><div id=\"pgc-14134-7-1\"  class=\"panel-grid-cell\" ><div id=\"panel-14134-7-1-0\" class=\"so-panel widget widget_sow-image panel-first-child\" data-index=\"7\" ><div class=\"wow zoomIn panel-widget-style panel-widget-style-for-14134-7-1-0\" data-wow-offset=\"10\" data-wow-iteration=\"1\" ><div\n\t\t\t\n\t\t\tclass=\"so-widget-sow-image so-widget-sow-image-default-8b5b6f678277-14134\"\n\t\t\t\n\t\t>\n\n<div class=\"sow-image-container\">\n\t\t<img src=\"https:\/\/www.fundraising.sk\/wp-content\/uploads\/2017\/12\/foto_katarina_1208_1209_bw_circle-300x300.png\" width=\"300\" height=\"300\" srcset=\"https:\/\/www.fundraising.sk\/wp-content\/uploads\/2017\/12\/foto_katarina_1208_1209_bw_circle-300x300.png 300w, https:\/\/www.fundraising.sk\/wp-content\/uploads\/2017\/12\/foto_katarina_1208_1209_bw_circle-150x150.png 150w, https:\/\/www.fundraising.sk\/wp-content\/uploads\/2017\/12\/foto_katarina_1208_1209_bw_circle-768x769.png 768w, https:\/\/www.fundraising.sk\/wp-content\/uploads\/2017\/12\/foto_katarina_1208_1209_bw_circle-1024x1024.png 1024w, https:\/\/www.fundraising.sk\/wp-content\/uploads\/2017\/12\/foto_katarina_1208_1209_bw_circle-60x60.png 60w, https:\/\/www.fundraising.sk\/wp-content\/uploads\/2017\/12\/foto_katarina_1208_1209_bw_circle-700x700.png 700w, https:\/\/www.fundraising.sk\/wp-content\/uploads\/2017\/12\/foto_katarina_1208_1209_bw_circle-1000x1000.png 1000w, https:\/\/www.fundraising.sk\/wp-content\/uploads\/2017\/12\/foto_katarina_1208_1209_bw_circle.png 1208w\" sizes=\"(max-width: 300px) 100vw, 300px\" alt=\"\" loading=\"lazy\" \t\tclass=\"so-widget-image\"\/>\n\t<\/div>\n\n<\/div><\/div><\/div><div id=\"panel-14134-7-1-1\" class=\"so-panel widget widget_sow-editor\" data-index=\"8\" ><div class=\"panel-widget-style panel-widget-style-for-14134-7-1-1\" ><div\n\t\t\t\n\t\t\tclass=\"so-widget-sow-editor so-widget-sow-editor-base\"\n\t\t\t\n\t\t>\n<div class=\"siteorigin-widget-tinymce textwidget\">\n\t<h5><span style=\"color: #da1f3d;\">Mgr. Katar\u00edna Bartovi\u010dov\u00e1<\/span><\/h5>\n<p>Deputy Chair<\/p>\n<p>Starting as an activist in 1997, Katarina went on and worked for Greenpeace Slovakia as a Fundraising and PR Manager between 2001-2010. She was in charge of donor acquisition and management, personal income taxes allocations and financial management. She had also volunteered for Amnesty International Slovakia and later became the organisation\u2019s member and president of its Coordination Council. She has been the Consultant for and Deputy Chair of the Slovak Fundraising Centre since she co-founded it in 2009, being mainly responsible for building individual and corporate giving. In 2016 she started working as a fundraising manager at European Digital Rights in Brussels, whose goal is to protect human rights and freedoms in the digital environment. She also works as a fundraiser for Post Bellum.<\/p>\n<\/div>\n<\/div><\/div><\/div><div id=\"panel-14134-7-1-2\" class=\"so-panel widget widget_sow-social-media-buttons panel-last-child\" data-index=\"9\" ><div\n\t\t\t\n\t\t\tclass=\"so-widget-sow-social-media-buttons so-widget-sow-social-media-buttons-wire-6473265b5e4d-14134\"\n\t\t\t\n\t\t>\n\n<div class=\"social-media-button-container\">\n\t\n\t\t<a class=\"ow-button-hover sow-social-media-button-envelope-0 sow-social-media-button\" title=\"Slovak Fundraising Centre on Envelope\" aria-label=\"Slovak Fundraising Centre on Envelope\" target=\"_blank\" rel=\"noopener noreferrer\" href=\"mailto:katarina.bartovicova@fundraising.sk\" >\n\t\t\t<span>\n\t\t\t\t\t\t\t\t<span class=\"sow-icon-fontawesome sow-fas\" data-sow-icon=\"&#xf0e0;\"\n\t\t \n\t\taria-hidden=\"true\"><\/span>\t\t\t\t\t\t\t<\/span>\n\t\t<\/a>\n\t\n\t\t<a class=\"ow-button-hover sow-social-media-button-facebook-0 sow-social-media-button\" title=\"Slovak Fundraising Centre on Facebook\" aria-label=\"Slovak Fundraising Centre on Facebook\" target=\"_blank\" rel=\"noopener noreferrer\" href=\"https:\/\/www.facebook.com\/katarina.bartovicova\" >\n\t\t\t<span>\n\t\t\t\t\t\t\t\t<span class=\"sow-icon-fontawesome sow-fab\" data-sow-icon=\"&#xf39e;\"\n\t\t \n\t\taria-hidden=\"true\"><\/span>\t\t\t\t\t\t\t<\/span>\n\t\t<\/a>\n\t\n\t\t<a class=\"ow-button-hover sow-social-media-button-x-twitter-0 sow-social-media-button\" title=\"Slovak Fundraising Centre on X Twitter\" aria-label=\"Slovak Fundraising Centre on X Twitter\" target=\"_blank\" rel=\"noopener noreferrer\" href=\"https:\/\/twitter.com\/KBartovicova\" >\n\t\t\t<span>\n\t\t\t\t\t\t\t\t<span class=\"sow-icon-fontawesome sow-fab\" data-sow-icon=\"&#xe61b;\"\n\t\t \n\t\taria-hidden=\"true\"><\/span>\t\t\t\t\t\t\t<\/span>\n\t\t<\/a>\n\t\n\t\t<a class=\"ow-button-hover sow-social-media-button-linkedin-0 sow-social-media-button\" title=\"Slovak Fundraising Centre on Linkedin\" aria-label=\"Slovak Fundraising Centre on Linkedin\" target=\"_blank\" rel=\"noopener noreferrer\" href=\"https:\/\/www.linkedin.com\/in\/katarina-bartovicova-8984025a?authType=NAME_SEARCH&#038;authToken=HlWj&#038;locale=en_US&#038;trk=tyah&#038;trkInfo=clickedVertical%3Amynetwork%2CclickedEntityId%3A210018932%2CauthType%3ANAME_SEARCH%2Cidx%3A1-1-1%2CtarId%3A1483722575929%2Ctas%3Akata\" >\n\t\t\t<span>\n\t\t\t\t\t\t\t\t<span class=\"sow-icon-fontawesome sow-fab\" data-sow-icon=\"&#xf0e1;\"\n\t\t \n\t\taria-hidden=\"true\"><\/span>\t\t\t\t\t\t\t<\/span>\n\t\t<\/a>\n\t<\/div>\n<\/div><\/div><\/div><div id=\"pgc-14134-7-2\"  class=\"panel-grid-cell panel-grid-cell-mobile-last\" ><div id=\"panel-14134-7-2-0\" class=\"so-panel widget widget_sow-image panel-first-child\" data-index=\"10\" ><div class=\"wow zoomIn panel-widget-style panel-widget-style-for-14134-7-2-0\" data-wow-offset=\"10\" data-wow-iteration=\"1\" ><div\n\t\t\t\n\t\t\tclass=\"so-widget-sow-image so-widget-sow-image-default-8b5b6f678277-14134\"\n\t\t\t\n\t\t>\n\n<div class=\"sow-image-container\">\n\t\t<img src=\"https:\/\/www.fundraising.sk\/wp-content\/uploads\/2017\/12\/foto_eduard_600_500_bw_circle-300x300.png\" width=\"300\" height=\"300\" srcset=\"https:\/\/www.fundraising.sk\/wp-content\/uploads\/2017\/12\/foto_eduard_600_500_bw_circle-300x300.png 300w, https:\/\/www.fundraising.sk\/wp-content\/uploads\/2017\/12\/foto_eduard_600_500_bw_circle-150x150.png 150w, https:\/\/www.fundraising.sk\/wp-content\/uploads\/2017\/12\/foto_eduard_600_500_bw_circle-768x769.png 768w, https:\/\/www.fundraising.sk\/wp-content\/uploads\/2017\/12\/foto_eduard_600_500_bw_circle-1024x1024.png 1024w, https:\/\/www.fundraising.sk\/wp-content\/uploads\/2017\/12\/foto_eduard_600_500_bw_circle-60x60.png 60w, https:\/\/www.fundraising.sk\/wp-content\/uploads\/2017\/12\/foto_eduard_600_500_bw_circle-700x700.png 700w, https:\/\/www.fundraising.sk\/wp-content\/uploads\/2017\/12\/foto_eduard_600_500_bw_circle-1000x1000.png 1000w, https:\/\/www.fundraising.sk\/wp-content\/uploads\/2017\/12\/foto_eduard_600_500_bw_circle.png 1208w\" sizes=\"(max-width: 300px) 100vw, 300px\" alt=\"\" loading=\"lazy\" \t\tclass=\"so-widget-image\"\/>\n\t<\/div>\n\n<\/div><\/div><\/div><div id=\"panel-14134-7-2-1\" class=\"so-panel widget widget_sow-editor\" data-index=\"11\" ><div class=\"panel-widget-style panel-widget-style-for-14134-7-2-1\" ><div\n\t\t\t\n\t\t\tclass=\"so-widget-sow-editor so-widget-sow-editor-base\"\n\t\t\t\n\t\t>\n<div class=\"siteorigin-widget-tinymce textwidget\">\n\t<h5><span style=\"color: #da1f3d;\">Ing. Eduard Mar\u010dek, MA, PhD.<\/span><\/h5>\n<p>Chair<\/p>\n<p>Eduard has been working in the non-profit sector since 1997, and has rich experience from many consulting and training projects at home and abroad (e.g. strengthening fundraising capacities of non-governmental development organizations in four countries of Central Europe in collaboration with the UK\u2019s Resource Alliance). As a Consultant, he deals with NGO fundraising and financing and cross-sector collaboration. He provided consulting services to a number of domestic and international non-governmental organizations and worked on various analytical studies across Europe. Since February 2018 Eduard works as a Head of Individual Fundraising for Transparency International Slovakia. Eduard is a Co-Founder and Head of the Slovak Fundraising Centre and between 2019-2021 he served as a President of the European Fundraising Association.<\/p>\n<\/div>\n<\/div><\/div><\/div><div id=\"panel-14134-7-2-2\" class=\"so-panel widget widget_sow-social-media-buttons panel-last-child\" data-index=\"12\" ><div\n\t\t\t\n\t\t\tclass=\"so-widget-sow-social-media-buttons so-widget-sow-social-media-buttons-wire-6473265b5e4d-14134\"\n\t\t\t\n\t\t>\n\n<div class=\"social-media-button-container\">\n\t\n\t\t<a class=\"ow-button-hover sow-social-media-button-envelope-0 sow-social-media-button\" title=\"Slovak Fundraising Centre on Envelope\" aria-label=\"Slovak Fundraising Centre on Envelope\" target=\"_blank\" rel=\"noopener noreferrer\" href=\"mailto:eduard.marcek@fundraising.sk\" >\n\t\t\t<span>\n\t\t\t\t\t\t\t\t<span class=\"sow-icon-fontawesome sow-fas\" data-sow-icon=\"&#xf0e0;\"\n\t\t \n\t\taria-hidden=\"true\"><\/span>\t\t\t\t\t\t\t<\/span>\n\t\t<\/a>\n\t\n\t\t<a class=\"ow-button-hover sow-social-media-button-facebook-0 sow-social-media-button\" title=\"Slovak Fundraising Centre on Facebook\" aria-label=\"Slovak Fundraising Centre on Facebook\" target=\"_blank\" rel=\"noopener noreferrer\" href=\"https:\/\/www.facebook.com\/eduard.marcek\" >\n\t\t\t<span>\n\t\t\t\t\t\t\t\t<span class=\"sow-icon-fontawesome sow-fab\" data-sow-icon=\"&#xf39e;\"\n\t\t \n\t\taria-hidden=\"true\"><\/span>\t\t\t\t\t\t\t<\/span>\n\t\t<\/a>\n\t\n\t\t<a class=\"ow-button-hover sow-social-media-button-x-twitter-0 sow-social-media-button\" title=\"Slovak Fundraising Centre on X Twitter\" aria-label=\"Slovak Fundraising Centre on X Twitter\" target=\"_blank\" rel=\"noopener noreferrer\" href=\"https:\/\/twitter.com\/emarcek\" >\n\t\t\t<span>\n\t\t\t\t\t\t\t\t<span class=\"sow-icon-fontawesome sow-fab\" data-sow-icon=\"&#xe61b;\"\n\t\t \n\t\taria-hidden=\"true\"><\/span>\t\t\t\t\t\t\t<\/span>\n\t\t<\/a>\n\t\n\t\t<a class=\"ow-button-hover sow-social-media-button-linkedin-0 sow-social-media-button\" title=\"Slovak Fundraising Centre on Linkedin\" aria-label=\"Slovak Fundraising Centre on Linkedin\" target=\"_blank\" rel=\"noopener noreferrer\" href=\"https:\/\/www.linkedin.com\/in\/eduard-mar%C4%8Dek-574bb12\/\" >\n\t\t\t<span>\n\t\t\t\t\t\t\t\t<span class=\"sow-icon-fontawesome sow-fab\" data-sow-icon=\"&#xf0e1;\"\n\t\t \n\t\taria-hidden=\"true\"><\/span>\t\t\t\t\t\t\t<\/span>\n\t\t<\/a>\n\t<\/div>\n<\/div><\/div><\/div><div id=\"pgc-14134-7-3\"  class=\"panel-grid-cell panel-grid-cell-empty\" ><\/div><\/div><\/div>","protected":false},"excerpt":{"rendered":"<p>&nbsp; Educational course for people in charge of online communication and fundraising<\/p>\n","protected":false},"author":4,"featured_media":0,"parent":9277,"menu_order":0,"comment_status":"closed","ping_status":"closed","template":"","meta":[],"_links":{"self":[{"href":"https:\/\/www.fundraising.sk\/en\/wp-json\/wp\/v2\/pages\/14134"}],"collection":[{"href":"https:\/\/www.fundraising.sk\/en\/wp-json\/wp\/v2\/pages"}],"about":[{"href":"https:\/\/www.fundraising.sk\/en\/wp-json\/wp\/v2\/types\/page"}],"author":[{"embeddable":true,"href":"https:\/\/www.fundraising.sk\/en\/wp-json\/wp\/v2\/users\/4"}],"replies":[{"embeddable":true,"href":"https:\/\/www.fundraising.sk\/en\/wp-json\/wp\/v2\/comments?post=14134"}],"version-history":[{"count":6,"href":"https:\/\/www.fundraising.sk\/en\/wp-json\/wp\/v2\/pages\/14134\/revisions"}],"predecessor-version":[{"id":14152,"href":"https:\/\/www.fundraising.sk\/en\/wp-json\/wp\/v2\/pages\/14134\/revisions\/14152"}],"up":[{"embeddable":true,"href":"https:\/\/www.fundraising.sk\/en\/wp-json\/wp\/v2\/pages\/9277"}],"wp:attachment":[{"href":"https:\/\/www.fundraising.sk\/en\/wp-json\/wp\/v2\/media?parent=14134"}],"curies":[{"name":"wp","href":"https:\/\/api.w.org\/{rel}","templated":true}]}}