{"id":14374,"date":"2023-04-10T11:47:50","date_gmt":"2023-04-10T09:47:50","guid":{"rendered":"https:\/\/www.fundraising.sk\/?page_id=14374"},"modified":"2023-04-10T12:06:04","modified_gmt":"2023-04-10T10:06:04","slug":"institutional-fundraising","status":"publish","type":"page","link":"https:\/\/www.fundraising.sk\/en\/training\/institutional-fundraising\/","title":{"rendered":"Institutional Fundraising"},"content":{"rendered":"<div id=\"pl-14374\"  class=\"panel-layout\" ><div id=\"pg-14374-0\"  class=\"panel-grid panel-no-style\" ><div id=\"pgc-14374-0-0\"  class=\"panel-grid-cell panel-grid-cell-empty\" ><\/div><div id=\"pgc-14374-0-1\"  class=\"panel-grid-cell panel-grid-cell-mobile-last\" ><div id=\"panel-14374-0-1-0\" class=\"so-panel widget widget_sow-editor panel-first-child panel-last-child\" data-index=\"0\" ><div\n\t\t\t\n\t\t\tclass=\"so-widget-sow-editor so-widget-sow-editor-base\"\n\t\t\t\n\t\t>\n<div class=\"siteorigin-widget-tinymce textwidget\">\n\t<p>&nbsp;<\/p>\n<\/div>\n<\/div><\/div><\/div><div id=\"pgc-14374-0-2\"  class=\"panel-grid-cell panel-grid-cell-empty\" ><\/div><\/div><div id=\"pg-14374-1\"  class=\"panel-grid panel-no-style\" ><div id=\"pgc-14374-1-0\"  class=\"panel-grid-cell panel-grid-cell-empty\" ><\/div><div id=\"pgc-14374-1-1\"  class=\"panel-grid-cell panel-grid-cell-mobile-last\" ><div id=\"panel-14374-1-1-0\" class=\"so-panel widget widget_sow-editor panel-first-child panel-last-child\" data-index=\"1\" ><div class=\"panel-widget-style panel-widget-style-for-14374-1-1-0\" ><div\n\t\t\t\n\t\t\tclass=\"so-widget-sow-editor so-widget-sow-editor-base\"\n\t\t\t\n\t\t>\n<div class=\"siteorigin-widget-tinymce textwidget\">\n\t<p>&nbsp;<\/p>\n<h4 style=\"text-align: center;\"><strong>Practical educational course on obtaining support from grants and subsidies from institutional funders, private and corporate foundations\/funds, as well as other providers in Slovakia and abroad.<\/strong><\/h4>\n<\/div>\n<\/div><\/div><\/div><\/div><div id=\"pgc-14374-1-2\"  class=\"panel-grid-cell panel-grid-cell-empty\" ><\/div><\/div><div id=\"pg-14374-2\"  class=\"panel-grid panel-has-style\" ><div style=\"padding-top: 30px; \" class=\"panel-row-style panel-row-style-for-14374-2\" ><div id=\"pgc-14374-2-0\"  class=\"panel-grid-cell panel-grid-cell-empty\" ><\/div><div id=\"pgc-14374-2-1\"  class=\"panel-grid-cell panel-grid-cell-mobile-last\" ><div id=\"panel-14374-2-1-0\" class=\"so-panel widget widget_sow-editor panel-first-child panel-last-child\" data-index=\"2\" ><div class=\"panel-widget-style panel-widget-style-for-14374-2-1-0\" ><div\n\t\t\t\n\t\t\tclass=\"so-widget-sow-editor so-widget-sow-editor-base\"\n\t\t\t\n\t\t>\n<div class=\"siteorigin-widget-tinymce textwidget\">\n\t<p>&nbsp;<\/p>\n<h4 style=\"text-align: left;\"><span style=\"color: #000000;\"><strong>Characteristics<\/strong><\/span><\/h4>\n<p>Participants of the course will gain an extensive overview of the field of grant fundraising, including current trends and the categorization of donors by type. They will familiarize themselves with the advantages and disadvantages of this method of obtaining financial resources. The course will also include practical recommendations for planning and managing grant fundraising, as well as tips on how to prepare a strong project proposal and write a high-quality grant application.<\/p>\n<\/div>\n<\/div><\/div><\/div><\/div><div id=\"pgc-14374-2-2\"  class=\"panel-grid-cell panel-grid-cell-empty\" ><\/div><\/div><\/div><div id=\"pg-14374-3\"  class=\"panel-grid panel-no-style\" ><div id=\"pgc-14374-3-0\"  class=\"panel-grid-cell panel-grid-cell-empty\" ><\/div><div id=\"pgc-14374-3-1\"  class=\"panel-grid-cell panel-grid-cell-mobile-last\" ><div id=\"panel-14374-3-1-0\" class=\"so-panel widget widget_sow-editor panel-first-child panel-last-child\" data-index=\"3\" ><div class=\"panel-widget-style panel-widget-style-for-14374-3-1-0\" ><div\n\t\t\t\n\t\t\tclass=\"so-widget-sow-editor so-widget-sow-editor-base\"\n\t\t\t\n\t\t>\n<div class=\"siteorigin-widget-tinymce textwidget\">\n\t<p>&nbsp;<\/p>\n<h4 style=\"text-align: left;\"><span style=\"color: #000000;\"><strong>Target Group<\/strong><\/span><\/h4>\n<p>The course is designed for anyone who:<\/p>\n<ul>\n<li>is interested in gaining a basic overview of grant fundraising;<\/li>\n<li>needs to familiarize themselves with the many opportunities and challenges that institutions and foundations offer to nonprofit organizations;<\/li>\n<li>wants to improve their grant writing skills.<\/li>\n<\/ul>\n<\/div>\n<\/div><\/div><\/div><\/div><div id=\"pgc-14374-3-2\"  class=\"panel-grid-cell panel-grid-cell-empty\" ><\/div><\/div><div id=\"pg-14374-4\"  class=\"panel-grid panel-no-style\" ><div id=\"pgc-14374-4-0\"  class=\"panel-grid-cell panel-grid-cell-empty\" ><\/div><div id=\"pgc-14374-4-1\"  class=\"panel-grid-cell panel-grid-cell-mobile-last\" ><div id=\"panel-14374-4-1-0\" class=\"so-panel widget widget_sow-editor panel-first-child panel-last-child\" data-index=\"4\" ><div class=\"panel-widget-style panel-widget-style-for-14374-4-1-0\" ><div\n\t\t\t\n\t\t\tclass=\"so-widget-sow-editor so-widget-sow-editor-base\"\n\t\t\t\n\t\t>\n<div class=\"siteorigin-widget-tinymce textwidget\">\n\t<p>&nbsp;<\/p>\n<h4 style=\"text-align: left;\"><span style=\"color: #000000;\"><strong>Course Topics<\/strong><\/span><\/h4>\n<ul>\n<li><strong><span style=\"color: #da1f3d;\">Navigating the multitude of funders and grant opportunities:<\/span><\/strong> Basic categorization of grant-providing institutions and foundations in Slovakia and abroad, including specific tips;<\/li>\n<li><span style=\"color: #da1f3d;\"><strong>Current trends and developments in the private and corporate foundation sector in Slovakia and abroad<\/strong>;<\/span><\/li>\n<li><strong><span style=\"color: #da1f3d;\">Advantages and disadvantages of grant fundraising <\/span><\/strong>to consider before embarking on it;<\/li>\n<li><strong><span style=\"color: #da1f3d;\">Planning and managing grant fundraising:<\/span><\/strong> Creating a Fundraising Plan for the calendar year, understanding the lifecycle of grants, effective grant management in an organization, building and nurturing long-term relationships with funders;<\/li>\n<li><span style=\"color: #da1f3d;\"><strong>Identifying key points and conditions of a grant call<\/strong><\/span>, preparing a strong project proposal and high-quality grant application, including budgeting;<\/li>\n<li><strong><span style=\"color: #da1f3d;\">Recommendations for increasing the competitiveness of a grant application and its chances of success in the highly competitive post-pandemic era<\/span><\/strong>, and how grant committees and evaluators assess grant applications.<\/li>\n<\/ul>\n<\/div>\n<\/div><\/div><\/div><\/div><div id=\"pgc-14374-4-2\"  class=\"panel-grid-cell panel-grid-cell-empty\" ><\/div><\/div><div id=\"pg-14374-5\"  class=\"panel-grid panel-no-style\" ><div id=\"pgc-14374-5-0\"  class=\"panel-grid-cell panel-grid-cell-empty\" ><\/div><div id=\"pgc-14374-5-1\"  class=\"panel-grid-cell panel-grid-cell-mobile-last\" ><div id=\"panel-14374-5-1-0\" class=\"so-panel widget widget_sow-editor panel-first-child panel-last-child\" data-index=\"5\" ><div class=\"panel-widget-style panel-widget-style-for-14374-5-1-0\" ><div\n\t\t\t\n\t\t\tclass=\"so-widget-sow-editor so-widget-sow-editor-base\"\n\t\t\t\n\t\t>\n<div class=\"siteorigin-widget-tinymce textwidget\">\n\t<p>&nbsp;<\/p>\n<h4 style=\"text-align: left;\"><strong>Key Takeaways For Participants:<\/strong><\/h4>\n<ul>\n<li>New information and inspiration for the development of grant fundraising.<\/li>\n<li>Presentations from the educational course, including presentations from CEE Fundraising Conference (for an additional fee).<\/li>\n<li>Professional domestic and international materials\/texts related to the course topic, including specific examples, case studies, and recommendations for further book or online resources.<\/li>\n<\/ul>\n<\/div>\n<\/div><\/div><\/div><\/div><div id=\"pgc-14374-5-2\"  class=\"panel-grid-cell panel-grid-cell-empty\" ><\/div><\/div><div id=\"pg-14374-6\"  class=\"panel-grid panel-no-style\" ><div id=\"pgc-14374-6-0\"  class=\"panel-grid-cell panel-grid-cell-empty\" ><\/div><div id=\"pgc-14374-6-1\"  class=\"panel-grid-cell panel-grid-cell-mobile-last\" ><div id=\"panel-14374-6-1-0\" class=\"so-panel widget widget_sow-editor panel-first-child panel-last-child\" data-index=\"6\" ><div class=\"lektori panel-widget-style panel-widget-style-for-14374-6-1-0\" ><div\n\t\t\t\n\t\t\tclass=\"so-widget-sow-editor so-widget-sow-editor-base\"\n\t\t\t\n\t\t>\n<div class=\"siteorigin-widget-tinymce textwidget\">\n\t<h4><strong><span style=\"color: #000000;\">Lecturers<\/span><\/strong><\/h4>\n<\/div>\n<\/div><\/div><\/div><\/div><div id=\"pgc-14374-6-2\"  class=\"panel-grid-cell panel-grid-cell-empty\" ><\/div><\/div><div id=\"pg-14374-7\"  class=\"panel-grid panel-no-style\" ><div id=\"pgc-14374-7-0\"  class=\"panel-grid-cell panel-grid-cell-empty\" ><\/div><div id=\"pgc-14374-7-1\"  class=\"panel-grid-cell\" ><div id=\"panel-14374-7-1-0\" class=\"so-panel widget widget_sow-image panel-first-child\" data-index=\"7\" ><div class=\"wow zoomIn panel-widget-style panel-widget-style-for-14374-7-1-0\" data-wow-offset=\"10\" data-wow-iteration=\"1\" ><div\n\t\t\t\n\t\t\tclass=\"so-widget-sow-image so-widget-sow-image-default-8b5b6f678277-14374\"\n\t\t\t\n\t\t>\n\n<div class=\"sow-image-container\">\n\t\t<img src=\"https:\/\/www.fundraising.sk\/wp-content\/uploads\/2017\/12\/foto_katarina_1208_1209_bw_circle-300x300.png\" width=\"300\" height=\"300\" srcset=\"https:\/\/www.fundraising.sk\/wp-content\/uploads\/2017\/12\/foto_katarina_1208_1209_bw_circle-300x300.png 300w, https:\/\/www.fundraising.sk\/wp-content\/uploads\/2017\/12\/foto_katarina_1208_1209_bw_circle-150x150.png 150w, https:\/\/www.fundraising.sk\/wp-content\/uploads\/2017\/12\/foto_katarina_1208_1209_bw_circle-768x769.png 768w, https:\/\/www.fundraising.sk\/wp-content\/uploads\/2017\/12\/foto_katarina_1208_1209_bw_circle-1024x1024.png 1024w, https:\/\/www.fundraising.sk\/wp-content\/uploads\/2017\/12\/foto_katarina_1208_1209_bw_circle-60x60.png 60w, https:\/\/www.fundraising.sk\/wp-content\/uploads\/2017\/12\/foto_katarina_1208_1209_bw_circle-700x700.png 700w, https:\/\/www.fundraising.sk\/wp-content\/uploads\/2017\/12\/foto_katarina_1208_1209_bw_circle-1000x1000.png 1000w, https:\/\/www.fundraising.sk\/wp-content\/uploads\/2017\/12\/foto_katarina_1208_1209_bw_circle.png 1208w\" sizes=\"(max-width: 300px) 100vw, 300px\" alt=\"\" loading=\"lazy\" \t\tclass=\"so-widget-image\"\/>\n\t<\/div>\n\n<\/div><\/div><\/div><div id=\"panel-14374-7-1-1\" class=\"so-panel widget widget_sow-editor\" data-index=\"8\" ><div class=\"panel-widget-style panel-widget-style-for-14374-7-1-1\" ><div\n\t\t\t\n\t\t\tclass=\"so-widget-sow-editor so-widget-sow-editor-base\"\n\t\t\t\n\t\t>\n<div class=\"siteorigin-widget-tinymce textwidget\">\n\t<p>&nbsp;<\/p>\n<h5><span style=\"color: #da1f3d;\">Katar\u00edna Bartovi\u010dov\u00e1<\/span><\/h5>\n<p>Starting as an activist in 1997, Katarina went on to work for Greenpeace Slovakia as a Fundraising and PR Manager between 2001 and 2010. She was responsible for donor acquisition and management, personal income tax allocations, and financial management. She also volunteered for Amnesty International Slovakia and later became a member of the organization and president of its Coordination Council. Since co-founding the Slovak Fundraising Centre in 2009, Katarina has served as a Consultant and Deputy Chair, primarily responsible for building individual and corporate giving. In 2016, she started working as a fundraising manager at European Digital Rights in Brussels, which aims to protect human rights and freedoms in the digital environment. She also works as a fundraiser for Post Bellum.<\/p>\n<\/div>\n<\/div><\/div><\/div><div id=\"panel-14374-7-1-2\" class=\"so-panel widget widget_sow-social-media-buttons panel-last-child\" data-index=\"9\" ><div\n\t\t\t\n\t\t\tclass=\"so-widget-sow-social-media-buttons so-widget-sow-social-media-buttons-wire-6473265b5e4d-14374\"\n\t\t\t\n\t\t>\n\n<div class=\"social-media-button-container\">\n\t\n\t\t<a class=\"ow-button-hover sow-social-media-button-envelope-0 sow-social-media-button\" title=\"Slovak Fundraising Centre on Envelope\" aria-label=\"Slovak Fundraising Centre on Envelope\" target=\"_blank\" rel=\"noopener noreferrer\" href=\"mailto:katarina.bartovicova@fundraising.sk\" >\n\t\t\t<span>\n\t\t\t\t\t\t\t\t<span class=\"sow-icon-fontawesome sow-fas\" data-sow-icon=\"&#xf0e0;\"\n\t\t \n\t\taria-hidden=\"true\"><\/span>\t\t\t\t\t\t\t<\/span>\n\t\t<\/a>\n\t\n\t\t<a class=\"ow-button-hover sow-social-media-button-facebook-0 sow-social-media-button\" title=\"Slovak Fundraising Centre on Facebook\" aria-label=\"Slovak Fundraising Centre on Facebook\" target=\"_blank\" rel=\"noopener noreferrer\" href=\"https:\/\/www.facebook.com\/katarina.bartovicova\" >\n\t\t\t<span>\n\t\t\t\t\t\t\t\t<span class=\"sow-icon-fontawesome sow-fab\" data-sow-icon=\"&#xf39e;\"\n\t\t \n\t\taria-hidden=\"true\"><\/span>\t\t\t\t\t\t\t<\/span>\n\t\t<\/a>\n\t\n\t\t<a class=\"ow-button-hover sow-social-media-button-x-twitter-0 sow-social-media-button\" title=\"Slovak Fundraising Centre on X Twitter\" aria-label=\"Slovak Fundraising Centre on X Twitter\" target=\"_blank\" rel=\"noopener noreferrer\" href=\"https:\/\/twitter.com\/KBartovicova\" >\n\t\t\t<span>\n\t\t\t\t\t\t\t\t<span class=\"sow-icon-fontawesome sow-fab\" data-sow-icon=\"&#xe61b;\"\n\t\t \n\t\taria-hidden=\"true\"><\/span>\t\t\t\t\t\t\t<\/span>\n\t\t<\/a>\n\t\n\t\t<a class=\"ow-button-hover sow-social-media-button-linkedin-0 sow-social-media-button\" title=\"Slovak Fundraising Centre on Linkedin\" aria-label=\"Slovak Fundraising Centre on Linkedin\" target=\"_blank\" rel=\"noopener noreferrer\" href=\"https:\/\/www.linkedin.com\/in\/katarina-bartovicova-8984025a?authType=NAME_SEARCH&#038;authToken=HlWj&#038;locale=en_US&#038;trk=tyah&#038;trkInfo=clickedVertical%3Amynetwork%2CclickedEntityId%3A210018932%2CauthType%3ANAME_SEARCH%2Cidx%3A1-1-1%2CtarId%3A1483722575929%2Ctas%3Akata\" >\n\t\t\t<span>\n\t\t\t\t\t\t\t\t<span class=\"sow-icon-fontawesome sow-fab\" data-sow-icon=\"&#xf0e1;\"\n\t\t \n\t\taria-hidden=\"true\"><\/span>\t\t\t\t\t\t\t<\/span>\n\t\t<\/a>\n\t<\/div>\n<\/div><\/div><\/div><div id=\"pgc-14374-7-2\"  class=\"panel-grid-cell panel-grid-cell-mobile-last\" ><div id=\"panel-14374-7-2-0\" class=\"so-panel widget widget_sow-image panel-first-child\" data-index=\"10\" ><div class=\"wow zoomIn panel-widget-style panel-widget-style-for-14374-7-2-0\" data-wow-offset=\"10\" data-wow-iteration=\"1\" ><div\n\t\t\t\n\t\t\tclass=\"so-widget-sow-image so-widget-sow-image-default-8b5b6f678277-14374\"\n\t\t\t\n\t\t>\n\n<div class=\"sow-image-container\">\n\t\t<img src=\"https:\/\/www.fundraising.sk\/wp-content\/uploads\/2017\/12\/foto_eduard_600_500_bw_circle-300x300.png\" width=\"300\" height=\"300\" srcset=\"https:\/\/www.fundraising.sk\/wp-content\/uploads\/2017\/12\/foto_eduard_600_500_bw_circle-300x300.png 300w, https:\/\/www.fundraising.sk\/wp-content\/uploads\/2017\/12\/foto_eduard_600_500_bw_circle-150x150.png 150w, https:\/\/www.fundraising.sk\/wp-content\/uploads\/2017\/12\/foto_eduard_600_500_bw_circle-768x769.png 768w, https:\/\/www.fundraising.sk\/wp-content\/uploads\/2017\/12\/foto_eduard_600_500_bw_circle-1024x1024.png 1024w, https:\/\/www.fundraising.sk\/wp-content\/uploads\/2017\/12\/foto_eduard_600_500_bw_circle-60x60.png 60w, https:\/\/www.fundraising.sk\/wp-content\/uploads\/2017\/12\/foto_eduard_600_500_bw_circle-700x700.png 700w, https:\/\/www.fundraising.sk\/wp-content\/uploads\/2017\/12\/foto_eduard_600_500_bw_circle-1000x1000.png 1000w, https:\/\/www.fundraising.sk\/wp-content\/uploads\/2017\/12\/foto_eduard_600_500_bw_circle.png 1208w\" sizes=\"(max-width: 300px) 100vw, 300px\" alt=\"\" loading=\"lazy\" \t\tclass=\"so-widget-image\"\/>\n\t<\/div>\n\n<\/div><\/div><\/div><div id=\"panel-14374-7-2-1\" class=\"so-panel widget widget_sow-editor\" data-index=\"11\" ><div class=\"panel-widget-style panel-widget-style-for-14374-7-2-1\" ><div\n\t\t\t\n\t\t\tclass=\"so-widget-sow-editor so-widget-sow-editor-base\"\n\t\t\t\n\t\t>\n<div class=\"siteorigin-widget-tinymce textwidget\">\n\t<p>&nbsp;<\/p>\n<h5><span style=\"color: #da1f3d;\">Eduard Mar\u010dek, MA, PhD.<\/span><\/h5>\n<p>Eduard has been working in the non-profit sector since 1997 and has extensive experience in consulting and training projects both domestically and abroad. He has been involved in strengthening fundraising capacities of non-governmental development organizations in four countries in Central Europe in collaboration with the UK's Resource Alliance, among other projects. As a Consultant, he focuses on NGO fundraising, financing, and cross-sector collaboration. He has provided consulting services to numerous domestic and international non-governmental organizations and has worked on various analytical studies across Europe. Since February 2018, Eduard has been serving as the Head of Individual Fundraising for Transparency International Slovakia. He is also a Co-Founder and Head of the Slovak Fundraising Centre, and from 2019 to 2021, he served as the President of the European Fundraising Association.<\/p>\n<\/div>\n<\/div><\/div><\/div><div id=\"panel-14374-7-2-2\" class=\"so-panel widget widget_sow-social-media-buttons panel-last-child\" data-index=\"12\" ><div\n\t\t\t\n\t\t\tclass=\"so-widget-sow-social-media-buttons so-widget-sow-social-media-buttons-wire-6473265b5e4d-14374\"\n\t\t\t\n\t\t>\n\n<div class=\"social-media-button-container\">\n\t\n\t\t<a class=\"ow-button-hover sow-social-media-button-envelope-0 sow-social-media-button\" title=\"Slovak Fundraising Centre on Envelope\" aria-label=\"Slovak Fundraising Centre on Envelope\" target=\"_blank\" rel=\"noopener noreferrer\" href=\"mailto:eduard.marcek@fundraising.sk\" >\n\t\t\t<span>\n\t\t\t\t\t\t\t\t<span class=\"sow-icon-fontawesome sow-fas\" data-sow-icon=\"&#xf0e0;\"\n\t\t \n\t\taria-hidden=\"true\"><\/span>\t\t\t\t\t\t\t<\/span>\n\t\t<\/a>\n\t\n\t\t<a class=\"ow-button-hover sow-social-media-button-facebook-0 sow-social-media-button\" title=\"Slovak Fundraising Centre on Facebook\" aria-label=\"Slovak Fundraising Centre on Facebook\" target=\"_blank\" rel=\"noopener noreferrer\" href=\"https:\/\/www.facebook.com\/eduard.marcek\" >\n\t\t\t<span>\n\t\t\t\t\t\t\t\t<span class=\"sow-icon-fontawesome sow-fab\" data-sow-icon=\"&#xf39e;\"\n\t\t \n\t\taria-hidden=\"true\"><\/span>\t\t\t\t\t\t\t<\/span>\n\t\t<\/a>\n\t\n\t\t<a class=\"ow-button-hover sow-social-media-button-x-twitter-0 sow-social-media-button\" title=\"Slovak Fundraising Centre on X Twitter\" aria-label=\"Slovak Fundraising Centre on X Twitter\" target=\"_blank\" rel=\"noopener noreferrer\" href=\"https:\/\/twitter.com\/emarcek\" >\n\t\t\t<span>\n\t\t\t\t\t\t\t\t<span class=\"sow-icon-fontawesome sow-fab\" data-sow-icon=\"&#xe61b;\"\n\t\t \n\t\taria-hidden=\"true\"><\/span>\t\t\t\t\t\t\t<\/span>\n\t\t<\/a>\n\t\n\t\t<a class=\"ow-button-hover sow-social-media-button-linkedin-0 sow-social-media-button\" title=\"Slovak Fundraising Centre on Linkedin\" aria-label=\"Slovak Fundraising Centre on Linkedin\" target=\"_blank\" rel=\"noopener noreferrer\" href=\"https:\/\/www.linkedin.com\/in\/eduard-mar%C4%8Dek-574bb12\/\" >\n\t\t\t<span>\n\t\t\t\t\t\t\t\t<span class=\"sow-icon-fontawesome sow-fab\" data-sow-icon=\"&#xf0e1;\"\n\t\t \n\t\taria-hidden=\"true\"><\/span>\t\t\t\t\t\t\t<\/span>\n\t\t<\/a>\n\t<\/div>\n<\/div><\/div><\/div><div id=\"pgc-14374-7-3\"  class=\"panel-grid-cell panel-grid-cell-empty\" ><\/div><\/div><\/div>","protected":false},"excerpt":{"rendered":"<p>&nbsp; &nbsp; Practical educational course on obtaining support from grants and subsidies from institutional funders, private and corporate foundations\/funds, as well as other providers in Slovakia and abroad.<\/p>\n","protected":false},"author":4,"featured_media":0,"parent":9277,"menu_order":0,"comment_status":"closed","ping_status":"closed","template":"","meta":[],"_links":{"self":[{"href":"https:\/\/www.fundraising.sk\/en\/wp-json\/wp\/v2\/pages\/14374"}],"collection":[{"href":"https:\/\/www.fundraising.sk\/en\/wp-json\/wp\/v2\/pages"}],"about":[{"href":"https:\/\/www.fundraising.sk\/en\/wp-json\/wp\/v2\/types\/page"}],"author":[{"embeddable":true,"href":"https:\/\/www.fundraising.sk\/en\/wp-json\/wp\/v2\/users\/4"}],"replies":[{"embeddable":true,"href":"https:\/\/www.fundraising.sk\/en\/wp-json\/wp\/v2\/comments?post=14374"}],"version-history":[{"count":6,"href":"https:\/\/www.fundraising.sk\/en\/wp-json\/wp\/v2\/pages\/14374\/revisions"}],"predecessor-version":[{"id":14393,"href":"https:\/\/www.fundraising.sk\/en\/wp-json\/wp\/v2\/pages\/14374\/revisions\/14393"}],"up":[{"embeddable":true,"href":"https:\/\/www.fundraising.sk\/en\/wp-json\/wp\/v2\/pages\/9277"}],"wp:attachment":[{"href":"https:\/\/www.fundraising.sk\/en\/wp-json\/wp\/v2\/media?parent=14374"}],"curies":[{"name":"wp","href":"https:\/\/api.w.org\/{rel}","templated":true}]}}