{"id":9352,"date":"2018-01-22T14:19:07","date_gmt":"2018-01-22T13:19:07","guid":{"rendered":"https:\/\/www.fundraising.sk\/?page_id=9352"},"modified":"2019-02-27T00:21:28","modified_gmt":"2019-02-26T23:21:28","slug":"registration","status":"publish","type":"page","link":"https:\/\/www.fundraising.sk\/en\/club\/registration\/","title":{"rendered":"Registration"},"content":{"rendered":"<div id=\"pl-9352\"  class=\"panel-layout\" ><div id=\"pg-9352-0\"  class=\"panel-grid panel-has-style\" ><div class=\"siteorigin-panels-stretch parallax-section row-69ebc6a0720e1 panel-row-style panel-row-style-for-9352-0\" style=\"background-image: url(https:\/\/www.fundraising.sk\/wp-content\/uploads\/2016\/09\/bg-prihlaska.jpg);padding-top: 200px; padding-bottom: 140px; \" data-stretch-type=\"full\" data-parallax-image=\"https:\/\/www.fundraising.sk\/wp-content\/uploads\/2016\/09\/bg-prihlaska.jpg\" data-parallax-id=\".row-69ebc6a0720e1\" ><div id=\"pgc-9352-0-0\"  class=\"panel-grid-cell panel-grid-cell-empty\" ><\/div><div id=\"pgc-9352-0-1\"  class=\"panel-grid-cell panel-grid-cell-mobile-last\" ><div id=\"panel-9352-0-1-0\" class=\"so-panel widget widget_sow-editor panel-first-child panel-last-child\" data-index=\"0\" ><div class=\"panel-widget-style panel-widget-style-for-9352-0-1-0\" ><div\n\t\t\t\n\t\t\tclass=\"so-widget-sow-editor so-widget-sow-editor-base\"\n\t\t\t\n\t\t>\n<div class=\"siteorigin-widget-tinymce textwidget\">\n\t<p>&nbsp;<\/p>\n<h1 style=\"text-align: center;\">REGISTRATION<\/h1>\n<\/div>\n<\/div><\/div><\/div><\/div><div id=\"pgc-9352-0-2\"  class=\"panel-grid-cell panel-grid-cell-empty\" ><\/div><\/div><\/div><div id=\"pg-9352-1\"  class=\"panel-grid panel-has-style\" ><div class=\"siteorigin-panels-stretch panel-row-style panel-row-style-for-9352-1\" style=\"padding-top: 60px; padding-bottom: 30px; \" data-stretch-type=\"full\" ><div id=\"pgc-9352-1-0\"  class=\"panel-grid-cell panel-grid-cell-empty\" ><\/div><div id=\"pgc-9352-1-1\"  class=\"panel-grid-cell panel-grid-cell-mobile-last\" ><div id=\"panel-9352-1-1-0\" class=\"so-panel widget widget_sow-editor panel-first-child\" data-index=\"1\" ><div class=\"panel-widget-style panel-widget-style-for-9352-1-1-0\" ><div\n\t\t\t\n\t\t\tclass=\"so-widget-sow-editor so-widget-sow-editor-base\"\n\t\t\t\n\t\t>\n<div class=\"siteorigin-widget-tinymce textwidget\">\n\t<h4 style=\"text-align: center;\">M\u00e1te z\u00e1ujem o \u010dlensto v Klube fundraiserov?&nbsp; <\/h4>\n<h4 style=\"text-align: center;\">Pre\u010d\u00edtajte si Organiza\u010dn\u00fd poriadok a prihl\u00e1ste sa!<\/h4>\n<\/div>\n<\/div><\/div><\/div><div id=\"panel-9352-1-1-1\" class=\"so-panel widget widget_sow-button panel-last-child\" data-index=\"2\" ><div\n\t\t\t\n\t\t\tclass=\"so-widget-sow-button so-widget-sow-button-wire-15bbc5e14bc0-9352\"\n\t\t\t\n\t\t><div class=\"ow-button-base ow-button-align-center\">\n\t\t\t<a\n\t\t\t\t\thref=\"https:\/\/www.fundraising.sk\/wp-content\/uploads\/2019\/02\/SCF_Klub_fundraiserov_Organizacny_poriadok.pdf\"\n\t\t\t\t\tclass=\"sowb-button ow-icon-placement-left ow-button-hover\" target=\"_blank\" rel=\"noopener noreferrer\" \t>\n\t\t<span>\n\t\t\t\n\t\t\tORGANIZA\u010cN\u00dd PORIADOK\t\t<\/span>\n\t\t\t<\/a>\n\t<\/div>\n<\/div><\/div><\/div><div id=\"pgc-9352-1-2\"  class=\"panel-grid-cell panel-grid-cell-empty\" ><\/div><\/div><\/div><div id=\"pg-9352-2\"  class=\"panel-grid panel-has-style\"  style=\"margin-bottom: 0px;margin-left: 0px;margin-right: 0px;\" ><div class=\"member-fee siteorigin-panels-stretch panel-row-style panel-row-style-for-9352-2\" style=\"padding-top: 60px; padding-bottom: 60px; \" data-stretch-type=\"full\" ><div id=\"pgc-9352-2-0\"  class=\"panel-grid-cell\" ><div id=\"panel-9352-2-0-0\" class=\"so-panel widget widget_sow-editor panel-first-child\" data-index=\"3\" ><div class=\"panel-widget-style panel-widget-style-for-9352-2-0-0\" ><div\n\t\t\t\n\t\t\tclass=\"so-widget-sow-editor so-widget-sow-editor-base\"\n\t\t\t\n\t\t>\n<div class=\"siteorigin-widget-tinymce textwidget\">\n\t<h2 style=\"text-align: center;\">\u010clensk\u00fd pr\u00edspevok<\/h2>\n<p style=\"text-align: center;\">\u010clenstvo v Klube je podmienen\u00e9 zaplaten\u00edm ro\u010dn\u00e9ho \u010dlensk\u00e9ho pr\u00edspevku.<\/p>\n<\/div>\n<\/div><\/div><\/div><div id=\"panel-9352-2-0-1\" class=\"so-panel widget widget_sow-features\" data-index=\"4\" ><div class=\"panel-widget-style panel-widget-style-for-9352-2-0-1\" ><div\n\t\t\t\n\t\t\tclass=\"so-widget-sow-features so-widget-sow-features-default-719f450cac34-9352\"\n\t\t\t\n\t\t>\n<div class=\"sow-features-list sow-features-responsive\">\n\n\t\t\t\t\t\t\t\t\t<div\n\t\t\t\tclass=\"sow-features-feature sow-icon-container-position-top\"\n\t\t\t\tstyle=\"display: flex; flex-direction: column; width: calc(33.333% - 25px);\"\n\t\t\t>\n\t\t\t\n\t\t\t\t\t\t\t\t<div\n\t\t\t\t\tclass=\"sow-icon-container sow-container-none\"\n\t\t\t\t\tstyle=\"color: #e12c49; \"\n\t\t\t\t\t\t\t\t\t>\n\t\t\t\t\t<span class=\"sow-icon-elegantline\" data-sow-icon=\"&#xe03b;\"\n\t\tstyle=\"font-size: 56px; color: #e12c49\" \n\t\taria-hidden=\"true\"><\/span>\t\t\t\t<\/div>\n\t\t\t\t\n\t\t\t\t<div class=\"textwidget\">\n\t\t\t\t\t\n\t\t\t\t\t\t\t\t\t\t\t<h5>\n\t\t\t\t\t\t\t\n\t\t\t\t\t\t\tMimovl\u00e1dna neziskov\u00e1 organiz\u00e1cia\t\t\t\t\t\t\t\t\t\t\t\t\t<\/h5>\n\t\t\t\t\t\n\t\t\t\t\t\t\t\t\t\t\tv z\u00e1vislosti od v\u00fd\u0161ky pr\u00edjmov organiz\u00e1cie z predch\u00e1dzaj\u00faceho kalend\u00e1rneho roka<\/p>\t\t\t\t\t\n\t\t\t\t\t\t\t\t\t<\/div>\n\t\t\t\t\t\t\t\t\n\t\t\t\t\t\t\t<\/div>\n\n\t\t\t\t\t\t\t\t<div\n\t\t\t\tclass=\"sow-features-feature sow-icon-container-position-top\"\n\t\t\t\tstyle=\"display: flex; flex-direction: column; width: calc(33.333% - 25px);\"\n\t\t\t>\n\t\t\t\n\t\t\t\t\t\t\t\t<div\n\t\t\t\t\tclass=\"sow-icon-container sow-container-none\"\n\t\t\t\t\tstyle=\"color: #404040; \"\n\t\t\t\t\t\t\t\t\t>\n\t\t\t\t\t<span class=\"sow-icon-elegantline\" data-sow-icon=\"&#xe015;\"\n\t\tstyle=\"font-size: 56px; color: #e12c49\" \n\t\taria-hidden=\"true\"><\/span>\t\t\t\t<\/div>\n\t\t\t\t\n\t\t\t\t<div class=\"textwidget\">\n\t\t\t\t\t\n\t\t\t\t\t\t\t\t\t\t\t<h5>\n\t\t\t\t\t\t\t\n\t\t\t\t\t\t\tKomer\u010dn\u00e1 pr\u00e1vnick\u00e1 osoba\t\t\t\t\t\t\t\t\t\t\t\t\t<\/h5>\n\t\t\t\t\t\n\t\t\t\t\t\t\t\t\t\t\tv z\u00e1vislosti od v\u00fd\u0161ky pr\u00edjmov firmy z predch\u00e1dzaj\u00faceho kalend\u00e1rneho roka<\/p>\t\t\t\t\t\n\t\t\t\t\t\t\t\t\t<\/div>\n\t\t\t\t\t\t\t\t\n\t\t\t\t\t\t\t<\/div>\n\n\t\t\t\t\t\t\t\t<div\n\t\t\t\tclass=\"sow-features-feature sow-icon-container-position-top\"\n\t\t\t\tstyle=\"display: flex; flex-direction: column; width: calc(33.333% - 25px);\"\n\t\t\t>\n\t\t\t\n\t\t\t\t\t\t\t\t<div\n\t\t\t\t\tclass=\"sow-icon-container sow-container-none\"\n\t\t\t\t\tstyle=\"color: #404040; \"\n\t\t\t\t\t\t\t\t\t>\n\t\t\t\t\t<span class=\"sow-icon-elegantline\" data-sow-icon=\"&#xe040;\"\n\t\tstyle=\"font-size: 56px; color: #e12c49\" \n\t\taria-hidden=\"true\"><\/span>\t\t\t\t<\/div>\n\t\t\t\t\n\t\t\t\t<div class=\"textwidget\">\n\t\t\t\t\t\n\t\t\t\t\t\t\t\t\t\t\t<h5>\n\t\t\t\t\t\t\t\n\t\t\t\t\t\t\tJednotlivec\t\t\t\t\t\t\t\t\t\t\t\t\t<\/h5>\n\t\t\t\t\t\n\t\t\t\t\t\t\t\t\t\t\tfixn\u00fd \u010dlensk\u00fd pr\u00edspevok<\/p>\t\t\t\t\t\n\t\t\t\t\t\t\t\t\t<\/div>\n\t\t\t\t\t\t\t\t\n\t\t\t\t\t\t\t<\/div>\n\n\t\t\t\n<\/div>\n<\/div><\/div><\/div><div id=\"panel-9352-2-0-2\" class=\"so-panel widget widget_sow-button panel-last-child\" data-index=\"5\" ><div\n\t\t\t\n\t\t\tclass=\"so-widget-sow-button so-widget-sow-button-wire-bf289ddeb181-9352\"\n\t\t\t\n\t\t><div class=\"ow-button-base ow-button-align-center\">\n\t\t\t<a\n\t\t\t\t\thref=\"https:\/\/www.fundraising.sk\/wp-content\/uploads\/2019\/02\/SCF_Klub_fundraiserov_Clenske_2019.pdf\"\n\t\t\t\t\tclass=\"sowb-button ow-icon-placement-left ow-button-hover\" target=\"_blank\" rel=\"noopener noreferrer\" \t>\n\t\t<span>\n\t\t\t\n\t\t\t\u010cLENSK\u00c9 PR\u00cdSPEVKY\t\t<\/span>\n\t\t\t<\/a>\n\t<\/div>\n<\/div><\/div><\/div><\/div><\/div><div id=\"pg-9352-3\"  class=\"panel-grid panel-has-style\"  style=\"margin-bottom: 0px;margin-left: 0px;margin-right: 0px;\" ><div class=\"member-fee siteorigin-panels-stretch panel-row-style panel-row-style-for-9352-3\" style=\"padding-top: 60px; padding-bottom: 60px; \" data-stretch-type=\"full\" ><div id=\"pgc-9352-3-0\"  class=\"panel-grid-cell\" ><div id=\"panel-9352-3-0-0\" class=\"so-panel widget widget_sow-editor panel-first-child panel-last-child\" data-index=\"6\" ><div class=\"panel-widget-style panel-widget-style-for-9352-3-0-0\" ><div\n\t\t\t\n\t\t\tclass=\"so-widget-sow-editor so-widget-sow-editor-base\"\n\t\t\t\n\t\t>\n<div class=\"siteorigin-widget-tinymce textwidget\">\n\t<h2 style=\"text-align: center;\">Podrobnosti pre \u00fahradu<\/h2>\n<table class=\"payment-info\">\n<tbody>\n<tr>\n<td class=\"label\">\u010c\u00edslo \u00fa\u010dtu (IBAN):<\/td>\n<td class=\"value\">SK35 1100 0000 0029 2783 2354 (Tatrabanka)<\/td>\n<\/tr>\n<tr>\n<td class=\"label\">Variabiln\u00fd symbol:<\/td>\n<td class=\"value\">I\u010cO organiz\u00e1cie, pr\u00edp. d\u00e1tum narodenia v tvare DDMMRRRR<\/td>\n<\/tr>\n<tr>\n<td class=\"label\">Kon\u0161tantn\u00fd symbol:<\/td>\n<td class=\"value\">0308<\/td>\n<\/tr>\n<tr>\n<td class=\"label\">Pozn\u00e1mka:<\/td>\n<td class=\"value\">Do pozn\u00e1mky nap\u00ed\u0161te \u201cKlub\u201d a n\u00e1zov organiz\u00e1cie\/meno, aby sme vedeli platbu identifikova\u0165.<\/td>\n<\/tr>\n<\/tbody>\n<\/table>\n<\/div>\n<\/div><\/div><\/div><\/div><\/div><\/div><div id=\"pg-9352-4\"  class=\"panel-grid panel-has-style\"  style=\"margin-bottom: 0px;margin-left: 0px;margin-right: 0px;\" ><div class=\"sign-in-form panel-row-style panel-row-style-for-9352-4\" style=\"padding-top: 60px; padding-bottom: 60px; \" ><div id=\"pgc-9352-4-0\"  class=\"panel-grid-cell panel-grid-cell-empty\" ><\/div><div id=\"pgc-9352-4-1\"  class=\"panel-grid-cell panel-grid-cell-mobile-last\" ><div id=\"panel-9352-4-1-0\" class=\"so-panel widget widget_sow-editor panel-first-child panel-last-child\" data-index=\"7\" ><div class=\"panel-widget-style panel-widget-style-for-9352-4-1-0\" ><div\n\t\t\t\n\t\t\tclass=\"so-widget-sow-editor so-widget-sow-editor-base\"\n\t\t\t\n\t\t>\n<div class=\"siteorigin-widget-tinymce textwidget\">\n\t<h2 style=\"text-align: center;\">Prihlasovac\u00ed formul\u00e1r<\/h2>\n<div role=\"form\" class=\"wpcf7\" id=\"wpcf7-f732-o1\" lang=\"en-US\" dir=\"ltr\">\n<div class=\"screen-reader-response\"><p role=\"status\" aria-live=\"polite\" aria-atomic=\"true\"><\/p> <ul><\/ul><\/div>\n<form action=\"\/en\/wp-json\/wp\/v2\/pages\/9352#wpcf7-f732-o1\" method=\"post\" class=\"wpcf7-form init wpcf7-acceptance-as-validation\" novalidate=\"novalidate\" data-status=\"init\">\n<div style=\"display: none;\">\n<input type=\"hidden\" name=\"_wpcf7\" value=\"732\" \/>\n<input type=\"hidden\" name=\"_wpcf7_version\" value=\"5.5.6\" \/>\n<input type=\"hidden\" name=\"_wpcf7_locale\" value=\"en_US\" \/>\n<input type=\"hidden\" name=\"_wpcf7_unit_tag\" value=\"wpcf7-f732-o1\" \/>\n<input type=\"hidden\" name=\"_wpcf7_container_post\" value=\"0\" \/>\n<input type=\"hidden\" name=\"_wpcf7_posted_data_hash\" value=\"\" \/>\n<input type=\"hidden\" name=\"_wpcf7_recaptcha_response\" value=\"\" \/>\n<\/div>\n<p>Meno (*)<br \/>\n<span class=\"wpcf7-form-control-wrap meno\"><input type=\"text\" name=\"meno\" value=\"\" size=\"40\" class=\"wpcf7-form-control wpcf7-text wpcf7-validates-as-required\" aria-required=\"true\" aria-invalid=\"false\" \/><\/span><\/p>\n<p>Priezvisko (*)<br \/>\n<span class=\"wpcf7-form-control-wrap priezvisko\"><input type=\"text\" name=\"priezvisko\" value=\"\" size=\"40\" class=\"wpcf7-form-control wpcf7-text wpcf7-validates-as-required\" aria-required=\"true\" aria-invalid=\"false\" \/><\/span><\/p>\n<p>Organiz\u00e1cia<br \/>\n<span class=\"wpcf7-form-control-wrap organizacia\"><input type=\"text\" name=\"organizacia\" value=\"\" size=\"40\" class=\"wpcf7-form-control wpcf7-text\" aria-invalid=\"false\" \/><\/span><\/p>\n<p>Poz\u00edcia<br \/>\n<span class=\"wpcf7-form-control-wrap pozicia\"><input type=\"text\" name=\"pozicia\" value=\"\" size=\"40\" class=\"wpcf7-form-control wpcf7-text\" aria-invalid=\"false\" \/><\/span><\/p>\n<p>I\u010cO<br \/>\n<span class=\"wpcf7-form-control-wrap ico\"><input type=\"text\" name=\"ico\" value=\"\" size=\"40\" class=\"wpcf7-form-control wpcf7-text\" aria-invalid=\"false\" \/><\/span><\/p>\n<p>DI\u010c<br \/>\n<span class=\"wpcf7-form-control-wrap dic\"><input type=\"text\" name=\"dic\" value=\"\" size=\"40\" class=\"wpcf7-form-control wpcf7-text\" aria-invalid=\"false\" \/><\/span><\/p>\n<p>Ulica, \u010d\u00edslo (*)<br \/>\n<span class=\"wpcf7-form-control-wrap adresa\"><input type=\"text\" name=\"adresa\" value=\"\" size=\"40\" class=\"wpcf7-form-control wpcf7-text wpcf7-validates-as-required\" aria-required=\"true\" aria-invalid=\"false\" \/><\/span><\/p>\n<p>Mesto (*)<br \/>\n<span class=\"wpcf7-form-control-wrap mesto\"><input type=\"text\" name=\"mesto\" value=\"\" size=\"40\" class=\"wpcf7-form-control wpcf7-text wpcf7-validates-as-required\" aria-required=\"true\" aria-invalid=\"false\" \/><\/span><\/p>\n<p>PS\u010c (*)<br \/>\n<span class=\"wpcf7-form-control-wrap psc\"><input type=\"text\" name=\"psc\" value=\"\" size=\"40\" class=\"wpcf7-form-control wpcf7-text wpcf7-validates-as-required\" aria-required=\"true\" aria-invalid=\"false\" \/><\/span><\/p>\n<p>Telef\u00f3n (*)<br \/>\n<span class=\"wpcf7-form-control-wrap telefon\"><input type=\"tel\" name=\"telefon\" value=\"\" size=\"40\" class=\"wpcf7-form-control wpcf7-text wpcf7-tel wpcf7-validates-as-required wpcf7-validates-as-tel\" aria-required=\"true\" aria-invalid=\"false\" \/><\/span><\/p>\n<p>E-mail (*)<br \/>\n<span class=\"wpcf7-form-control-wrap email\"><input type=\"email\" name=\"email\" value=\"\" size=\"40\" class=\"wpcf7-form-control wpcf7-text wpcf7-email wpcf7-validates-as-required wpcf7-validates-as-email\" aria-required=\"true\" aria-invalid=\"false\" \/><\/span><\/p>\n<p>Web<br \/>\n<span class=\"wpcf7-form-control-wrap web\"><input type=\"text\" name=\"web\" value=\"\" size=\"40\" class=\"wpcf7-form-control wpcf7-text\" aria-invalid=\"false\" \/><\/span><\/p>\n<p>M\u00e1m z\u00e1ujem o \u010dlenstvo v Klube fundraiserov ako<br\/><br \/>\n<span class=\"wpcf7-form-control-wrap clenstvo\"><span class=\"wpcf7-form-control wpcf7-radio\"><span class=\"wpcf7-list-item first\"><label><input type=\"radio\" name=\"clenstvo\" value=\"Mimovl\u00e1dna organiz\u00e1cia\" checked=\"checked\" \/><span class=\"wpcf7-list-item-label\">Mimovl\u00e1dna organiz\u00e1cia<\/span><\/label><\/span><span class=\"wpcf7-list-item\"><label><input type=\"radio\" name=\"clenstvo\" value=\"Firma\" \/><span class=\"wpcf7-list-item-label\">Firma<\/span><\/label><\/span><span class=\"wpcf7-list-item last\"><label><input type=\"radio\" name=\"clenstvo\" value=\"Jednotlivec\" \/><span class=\"wpcf7-list-item-label\">Jednotlivec<\/span><\/label><\/span><\/span><\/span><\/p>\n<p>Z\u00fa\u010dastn\u00edm sa \u010fal\u0161ieho stretnutia Klubu fundraiserov<br\/><br \/>\n<span class=\"wpcf7-form-control-wrap stretnutie\"><span class=\"wpcf7-form-control wpcf7-radio\"><span class=\"wpcf7-list-item first\"><label><input type=\"radio\" name=\"stretnutie\" value=\"\u00c1no\" checked=\"checked\" \/><span class=\"wpcf7-list-item-label\">\u00c1no<\/span><\/label><\/span><span class=\"wpcf7-list-item last\"><label><input type=\"radio\" name=\"stretnutie\" value=\"Nie\" \/><span class=\"wpcf7-list-item-label\">Nie<\/span><\/label><\/span><\/span><\/span><\/p>\n<p>Pozn\u00e1mka<br \/>\n    <span class=\"wpcf7-form-control-wrap poznamka\"><textarea name=\"poznamka\" cols=\"40\" rows=\"10\" class=\"wpcf7-form-control wpcf7-textarea\" aria-invalid=\"false\"><\/textarea><\/span><\/p>\n<p><span class=\"wpcf7-form-control-wrap informacie\"><span class=\"wpcf7-form-control wpcf7-checkbox\"><span class=\"wpcf7-list-item first last\"><label><input type=\"checkbox\" name=\"informacie[]\" value=\"Chcem dost\u00e1va\u0165 inform\u00e1cie od Slovensk\u00e9ho centra fundraisingu emailom (cez newsletter)\" \/><span class=\"wpcf7-list-item-label\">Chcem dost\u00e1va\u0165 inform\u00e1cie od Slovensk\u00e9ho centra fundraisingu emailom (cez newsletter)<\/span><\/label><\/span><\/span><\/span><\/p>\n<p><label class=\"checkbox-text\"><span class=\"wpcf7-form-control-wrap suhlas\"><span class=\"wpcf7-form-control wpcf7-acceptance\"><span class=\"wpcf7-list-item\"><input type=\"checkbox\" name=\"suhlas\" value=\"1\" aria-invalid=\"false\" \/><\/span><\/span><\/span> S\u00fahlas\u00edm so spr\u00e1vou, spracovan\u00edm a uchovan\u00edm mojich osobn\u00fdch \u00fadajov Slovensk\u00fdm centrom fundraisingu v zmysle Z\u00e1kona \u010d. 18\/2018 Z.z. o ochrane osobn\u00fdch \u00fadajov a <a href=\"https:\/\/www.fundraising.sk\/sukromie\/\" target=\"_blank\">politiky ochrany osobn\u00fdch \u00fadajov<\/a><\/label><\/p>\n<p><input type=\"submit\" value=\"Prihl\u00e1si\u0165 sa\" class=\"wpcf7-form-control has-spinner wpcf7-submit\" \/><\/p>\n<div class=\"wpcf7-response-output\" aria-hidden=\"true\"><\/div><\/form><\/div>\n<\/div>\n<\/div><\/div><\/div><\/div><div id=\"pgc-9352-4-2\"  class=\"panel-grid-cell panel-grid-cell-empty\" ><\/div><\/div><\/div><\/div>","protected":false},"excerpt":{"rendered":"<p>&nbsp; REGISTRATION M\u00e1te z\u00e1ujem o \u010dlensto v Klube fundraiserov?&nbsp; Pre\u010d\u00edtajte si Organiza\u010dn\u00fd poriadok a prihl\u00e1ste sa!<\/p>\n","protected":false},"author":2,"featured_media":0,"parent":9285,"menu_order":20,"comment_status":"closed","ping_status":"closed","template":"","meta":[],"_links":{"self":[{"href":"https:\/\/www.fundraising.sk\/en\/wp-json\/wp\/v2\/pages\/9352"}],"collection":[{"href":"https:\/\/www.fundraising.sk\/en\/wp-json\/wp\/v2\/pages"}],"about":[{"href":"https:\/\/www.fundraising.sk\/en\/wp-json\/wp\/v2\/types\/page"}],"author":[{"embeddable":true,"href":"https:\/\/www.fundraising.sk\/en\/wp-json\/wp\/v2\/users\/2"}],"replies":[{"embeddable":true,"href":"https:\/\/www.fundraising.sk\/en\/wp-json\/wp\/v2\/comments?post=9352"}],"version-history":[{"count":6,"href":"https:\/\/www.fundraising.sk\/en\/wp-json\/wp\/v2\/pages\/9352\/revisions"}],"predecessor-version":[{"id":12131,"href":"https:\/\/www.fundraising.sk\/en\/wp-json\/wp\/v2\/pages\/9352\/revisions\/12131"}],"up":[{"embeddable":true,"href":"https:\/\/www.fundraising.sk\/en\/wp-json\/wp\/v2\/pages\/9285"}],"wp:attachment":[{"href":"https:\/\/www.fundraising.sk\/en\/wp-json\/wp\/v2\/media?parent=9352"}],"curies":[{"name":"wp","href":"https:\/\/api.w.org\/{rel}","templated":true}]}}